{"id":3927,"date":"2023-04-30T06:58:57","date_gmt":"2023-04-30T06:58:57","guid":{"rendered":"https:\/\/thestonepark.com\/preguntas-frecuentes\/"},"modified":"2025-05-19T20:38:01","modified_gmt":"2025-05-19T20:38:01","slug":"preguntas-frecuentes","status":"publish","type":"page","link":"https:\/\/thestonepark.com\/es\/preguntas-frecuentes\/","title":{"rendered":"PREGUNTAS FRECUENTES"},"content":{"rendered":"\t\t<div data-elementor-type=\"wp-page\" data-elementor-id=\"3927\" class=\"elementor elementor-3927 elementor-2175\">\n\t\t\t\t<div class=\"elementor-element elementor-element-2b3e2e9 e-flex e-con-boxed e-con e-parent\" data-id=\"2b3e2e9\" data-element_type=\"container\">\n\t\t\t\t\t<div class=\"e-con-inner\">\n\t\t\t\t<div class=\"elementor-element elementor-element-17e19d2 elementor-widget elementor-widget-ideapark-accordion\" data-id=\"17e19d2\" data-element_type=\"widget\" data-widget_type=\"ideapark-accordion.default\">\n\t\t\t\t<div class=\"elementor-widget-container\">\n\t\t\t\t\t\t\t<div class=\"c-ip-accordion\">\n\t\t\t<div class=\"c-ip-accordion__wrap\">\n\t\t\t\t<div class=\"c-ip-accordion__list\">\n\t\t\t\t\t\t\t\t\t\t<div class=\"c-ip-accordion__item\">\n\t\t\t\t\t\t<a class=\"c-ip-accordion__link js-accordion-title\" href=\"\" onclick=\"return false;\"><div class=\"c-ip-accordion__header\">\u00bfQu\u00e9 tipos de productos de piedra ofrec\u00e9is?<i class=\"ip-plus_big c-ip-accordion__arrow\"><\/i><\/div><\/a>\t\t\t\t\t\t<div class=\"c-ip-accordion__content entry-content\"><p>Ofrecemos una amplia gama de productos de piedra natural de primera calidad, como m\u00e1rmol, granito, cuarcita, caliza, travertino, \u00f3nice y losas de porcelana. Tambi\u00e9n suministramos baldosas, adoquines, chapado de piedra y accesorios de piedra a medida para aplicaciones interiores y exteriores.<\/p>\n<\/div>\t\t\t\t\t<\/div>\n\t\t\t\t\t\t\t\t\t\t<div class=\"c-ip-accordion__item\">\n\t\t\t\t\t\t<a class=\"c-ip-accordion__link js-accordion-title\" href=\"\" onclick=\"return false;\"><div class=\"c-ip-accordion__header\">\u00bfDe d\u00f3nde sacas las piedras?<i class=\"ip-plus_big c-ip-accordion__arrow\"><\/i><\/div><\/a>\t\t\t\t\t\t<div class=\"c-ip-accordion__content entry-content\"><p>Nuestras piedras proceden de Turqu\u00eda y de otras canteras de primer orden de todo el mundo para garantizar la m\u00e1xima calidad, durabilidad y atractivo est\u00e9tico.<\/p>\n<\/div>\t\t\t\t\t<\/div>\n\t\t\t\t\t\t\t\t\t\t<div class=\"c-ip-accordion__item\">\n\t\t\t\t\t\t<a class=\"c-ip-accordion__link js-accordion-title\" href=\"\" onclick=\"return false;\"><div class=\"c-ip-accordion__header\">\u00bfOfrec\u00e9is soluciones de piedra tallada a medida?<i class=\"ip-plus_big c-ip-accordion__arrow\"><\/i><\/div><\/a>\t\t\t\t\t\t<div class=\"c-ip-accordion__content entry-content\"><p>S\u00ed. Proporcionamos losas, baldosas y piezas de piedra cortadas a medida para satisfacer las necesidades espec\u00edficas de cada proyecto, garantizando un ajuste perfecto a tu dise\u00f1o.<\/p>\n<\/div>\t\t\t\t\t<\/div>\n\t\t\t\t\t\t\t\t\t\t<div class=\"c-ip-accordion__item\">\n\t\t\t\t\t\t<a class=\"c-ip-accordion__link js-accordion-title\" href=\"\" onclick=\"return false;\"><div class=\"c-ip-accordion__header\">\u00bfC\u00f3mo puedo hacer un pedido?<i class=\"ip-plus_big c-ip-accordion__arrow\"><\/i><\/div><\/a>\t\t\t\t\t\t<div class=\"c-ip-accordion__content entry-content\"><p>Puedes hacer un pedido poni\u00e9ndote en contacto con nuestro equipo de ventas por correo electr\u00f3nico en sales@thestonepark.com o visitando nuestra sala de exposiciones de Miami. Te ayudaremos con la selecci\u00f3n de productos, las opciones de env\u00edo y a finalizar tu compra.<\/p>\n<\/div>\t\t\t\t\t<\/div>\n\t\t\t\t\t\t\t\t\t\t<div class=\"c-ip-accordion__item\">\n\t\t\t\t\t\t<a class=\"c-ip-accordion__link js-accordion-title\" href=\"\" onclick=\"return false;\"><div class=\"c-ip-accordion__header\">\u00bfCu\u00e1les son tus opciones de env\u00edo?<i class=\"ip-plus_big c-ip-accordion__arrow\"><\/i><\/div><\/a>\t\t\t\t\t\t<div class=\"c-ip-accordion__content entry-content\"><p>Ofrecemos recogida en almac\u00e9n y coordinamos el env\u00edo de mercanc\u00edas a trav\u00e9s de nuestros transportistas asociados. Los gastos de env\u00edo los determina el transportista, y nosotros nos encargamos de toda la log\u00edstica para garantizar una entrega sin problemas.<\/p>\n<\/div>\t\t\t\t\t<\/div>\n\t\t\t\t\t\t\t\t\t\t<div class=\"c-ip-accordion__item\">\n\t\t\t\t\t\t<a class=\"c-ip-accordion__link js-accordion-title\" href=\"\" onclick=\"return false;\"><div class=\"c-ip-accordion__header\">\u00bfCu\u00e1nto tarda el env\u00edo?<i class=\"ip-plus_big c-ip-accordion__arrow\"><\/i><\/div><\/a>\t\t\t\t\t\t<div class=\"c-ip-accordion__content entry-content\"><p>Los plazos de entrega var\u00edan seg\u00fan la ubicaci\u00f3n y la disponibilidad del transportista. El env\u00edo est\u00e1ndar dentro de EE.UU. suele tardar entre 5 y 14 d\u00edas laborables.<\/p>\n<\/div>\t\t\t\t\t<\/div>\n\t\t\t\t\t\t\t\t\t\t<div class=\"c-ip-accordion__item\">\n\t\t\t\t\t\t<a class=\"c-ip-accordion__link js-accordion-title\" href=\"\" onclick=\"return false;\"><div class=\"c-ip-accordion__header\">\u00bfCu\u00e1l es tu pol\u00edtica de devoluciones?<i class=\"ip-plus_big c-ip-accordion__arrow\"><\/i><\/div><\/a>\t\t\t\t\t\t<div class=\"c-ip-accordion__content entry-content\"><p>Aceptamos devoluciones en un plazo de 30 d\u00edas si el producto est\u00e1 sin usar y en su estado y embalaje originales. Sin embargo, los pedidos a medida y los productos instalados no son reembolsables. Para m\u00e1s detalles, visita nuestra p\u00e1gina Pol\u00edtica de devoluciones y reembolsos.<\/p>\n<\/div>\t\t\t\t\t<\/div>\n\t\t\t\t\t\t\t\t\t\t<div class=\"c-ip-accordion__item\">\n\t\t\t\t\t\t<a class=\"c-ip-accordion__link js-accordion-title\" href=\"\" onclick=\"return false;\"><div class=\"c-ip-accordion__header\">\u00bfOfrec\u00e9is precios al por mayor?<i class=\"ip-plus_big c-ip-accordion__arrow\"><\/i><\/div><\/a>\t\t\t\t\t\t<div class=\"c-ip-accordion__content entry-content\"><p>S\u00ed. Ofrecemos precios al por mayor para pedidos al por mayor. Si eres contratista, dise\u00f1ador o minorista, ponte en contacto con nosotros en sales@thestonepark.com para hablar de las opciones de precios.<\/p>\n<\/div>\t\t\t\t\t<\/div>\n\t\t\t\t\t\t\t\t\t\t<div class=\"c-ip-accordion__item\">\n\t\t\t\t\t\t<a class=\"c-ip-accordion__link js-accordion-title\" href=\"\" onclick=\"return false;\"><div class=\"c-ip-accordion__header\">\u00bfOfrec\u00e9is servicios de instalaci\u00f3n?<i class=\"ip-plus_big c-ip-accordion__arrow\"><\/i><\/div><\/a>\t\t\t\t\t\t<div class=\"c-ip-accordion__content entry-content\"><p>No prestamos servicios de instalaci\u00f3n, pero podemos recomendarte instaladores y contratistas profesionales de tu zona.<\/p>\n<\/div>\t\t\t\t\t<\/div>\n\t\t\t\t\t\t\t\t\t\t<div class=\"c-ip-accordion__item\">\n\t\t\t\t\t\t<a class=\"c-ip-accordion__link js-accordion-title\" href=\"\" onclick=\"return false;\"><div class=\"c-ip-accordion__header\">\u00bfC\u00f3mo puedo solicitar un empleo en The Stone Park?<i class=\"ip-plus_big c-ip-accordion__arrow\"><\/i><\/div><\/a>\t\t\t\t\t\t<div class=\"c-ip-accordion__content entry-content\"><p>\u00a1Siempre estamos buscando profesionales con talento para unirse a nuestro equipo! Actualmente, estamos contratando a un Representante de Ventas de habla hispana. Para presentar tu candidatura, env\u00eda tu curr\u00edculum a careers@thestonepark.com.<\/p>\n<\/div>\t\t\t\t\t<\/div>\n\t\t\t\t\t\t\t\t\t<\/div>\n\t\t\t<\/div>\n\t\t<\/div>\n\t\t\t\t\t\t<\/div>\n\t\t\t\t<\/div>\n\t\t\t\t\t<\/div>\n\t\t\t\t<\/div>\n\t\t<div class=\"elementor-element elementor-element-5349c99 e-flex e-con-boxed e-con e-parent\" data-id=\"5349c99\" data-element_type=\"container\">\n\t\t\t\t\t<div class=\"e-con-inner\">\n\t\t\t\t<div class=\"elementor-element elementor-element-44278ab elementor-widget elementor-widget-text-editor\" data-id=\"44278ab\" data-element_type=\"widget\" data-widget_type=\"text-editor.default\">\n\t\t\t\t<div class=\"elementor-widget-container\">\n\t\t\t\t\t\t\t\t\t<p> <\/p><p>Para m\u00e1s informaci\u00f3n, no dudes en ponerte en contacto con nosotros en info@thestonepark.com. \u00a1Estaremos encantados de ayudarte!<\/p>\t\t\t\t\t\t\t\t<\/div>\n\t\t\t\t<\/div>\n\t\t\t\t\t<\/div>\n\t\t\t\t<\/div>\n\t\t\t\t<\/div>\n\t\t","protected":false},"excerpt":{"rendered":"<p>\u00bfQu\u00e9 tipos de productos de piedra ofrec\u00e9is? Ofrecemos una amplia gama de productos de piedra natural de primera&hellip;<\/p>\n","protected":false},"author":1,"featured_media":0,"parent":0,"menu_order":0,"comment_status":"closed","ping_status":"closed","template":"","meta":{"footnotes":""},"class_list":["post-3927","page","type-page","status-publish","hentry"],"_links":{"self":[{"href":"https:\/\/thestonepark.com\/es\/wp-json\/wp\/v2\/pages\/3927","targetHints":{"allow":["GET"]}}],"collection":[{"href":"https:\/\/thestonepark.com\/es\/wp-json\/wp\/v2\/pages"}],"about":[{"href":"https:\/\/thestonepark.com\/es\/wp-json\/wp\/v2\/types\/page"}],"author":[{"embeddable":true,"href":"https:\/\/thestonepark.com\/es\/wp-json\/wp\/v2\/users\/1"}],"replies":[{"embeddable":true,"href":"https:\/\/thestonepark.com\/es\/wp-json\/wp\/v2\/comments?post=3927"}],"version-history":[{"count":1,"href":"https:\/\/thestonepark.com\/es\/wp-json\/wp\/v2\/pages\/3927\/revisions"}],"predecessor-version":[{"id":3928,"href":"https:\/\/thestonepark.com\/es\/wp-json\/wp\/v2\/pages\/3927\/revisions\/3928"}],"wp:attachment":[{"href":"https:\/\/thestonepark.com\/es\/wp-json\/wp\/v2\/media?parent=3927"}],"curies":[{"name":"wp","href":"https:\/\/api.w.org\/{rel}","templated":true}]}}