{"id":3934,"date":"2023-02-14T03:48:04","date_gmt":"2023-02-14T03:48:04","guid":{"rendered":"https:\/\/thestonepark.com\/politica-de-privacidad\/"},"modified":"2025-05-19T20:38:07","modified_gmt":"2025-05-19T20:38:07","slug":"politica-de-privacidad","status":"publish","type":"page","link":"https:\/\/thestonepark.com\/es\/politica-de-privacidad\/","title":{"rendered":"Pol\u00edtica de privacidad"},"content":{"rendered":"\n<h2 class=\"wp-block-heading\">Pol\u00edtica de privacidad<\/h2>\n\n<p><strong>Qui\u00e9nes somos<\/strong><\/p>\n\n<p>En The Stone Park, comenzamos nuestro viaje en Turqu\u00eda, una tierra famosa por su rica historia y sus excepcionales piedras naturales. Nuestra pasi\u00f3n es descubrir las piedras m\u00e1s bellas del mundo y llev\u00e1rtelas, garantizando la m\u00e1xima calidad en cada proyecto.<\/p>\n\n<p>Estamos especializados en m\u00e1rmol, granito, travertino, cuarcita, piedra caliza y otros materiales de primera calidad, procedentes de todo el mundo. Nuestro objetivo es proporcionar materiales de piedra de alta calidad, duraderos y atemporales para interiores de lujo, obras maestras arquitect\u00f3nicas e impresionantes paisajes exteriores.<\/p>\n\n<p>Desde losas y baldosas hasta adoquines, revestimiento de piedra y accesorios, nos comprometemos a ofrecer excelencia en artesan\u00eda y dise\u00f1o. Tanto si est\u00e1s creando un impresionante espacio interior como transformando un paisaje exterior, The Stone Park es tu socio de confianza para elevar la belleza natural a trav\u00e9s de la piedra.<\/p>\n\n<p><strong>Pol\u00edtica de privacidad<\/strong><\/p>\n\n<p><strong>Comentarios<\/strong><\/p>\n\n<p>Cuando los visitantes dejan comentarios en el sitio, recogemos los datos que aparecen en el formulario de comentarios, junto con la direcci\u00f3n IP del visitante y la cadena de agentes de usuario del navegador para ayudar a detectar el spam.<\/p>\n\n<p>Una cadena anonimizada (hash) creada a partir de tu direcci\u00f3n de correo electr\u00f3nico puede ser compartida con el servicio Gravatar para verificar si lo est\u00e1s utilizando. La pol\u00edtica de privacidad de Gravatar est\u00e1 disponible aqu\u00ed. Una vez aprobado tu comentario, tu foto de perfil se hace visible p\u00fablicamente.<\/p>\n\n<p><strong>Medios de comunicaci\u00f3n<\/strong><\/p>\n\n<p>Si subes im\u00e1genes al sitio web, evita incluir datos de localizaci\u00f3n incrustados (EXIF GPS), ya que los visitantes pueden descargar y extraer datos de localizaci\u00f3n de las im\u00e1genes.<\/p>\n\n<p><strong>Cookies<\/strong><br\/>&#8211; Si dejas un comentario, puedes optar por guardar tu nombre, correo electr\u00f3nico y sitio web en cookies para mayor comodidad. Estas galletas duran un a\u00f1o.<br\/>&#8211; Se establece una cookie temporal cuando visitas nuestra p\u00e1gina de inicio de sesi\u00f3n para comprobar si tu navegador acepta cookies. Esta cookie se elimina cuando cierras el navegador.<br\/>&#8211; Cuando inicias sesi\u00f3n, varias cookies almacenan tu informaci\u00f3n de inicio de sesi\u00f3n y tus preferencias de visualizaci\u00f3n en pantalla:<br\/>&#8211; Las cookies de inicio de sesi\u00f3n duran dos d\u00edas.<br\/>&#8211; Las cookies de opciones de pantalla duran un a\u00f1o.<br\/>&#8211; Si seleccionas \u00abRecordarme\u00bb, tu inicio de sesi\u00f3n persistir\u00e1 durante dos semanas.<br\/>&#8211; Al cerrar sesi\u00f3n se eliminan las cookies de inicio de sesi\u00f3n.<br\/>&#8211; Si editas o publicas un art\u00edculo, se guarda una cookie que almacena el ID de la entrada, que caduca al cabo de un d\u00eda.<\/p>\n\n<p><strong>Contenido incrustado de otros sitios web<\/strong><\/p>\n\n<p>Los art\u00edculos de este sitio pueden contener contenido incrustado (por ejemplo, v\u00eddeos, im\u00e1genes, art\u00edculos, etc.), que funciona como si el visitante accediera directamente al otro sitio web. Estos sitios web pueden recopilar datos, utilizar cookies, incrustar seguimiento de terceros y controlar las interacciones con el contenido incrustado.<\/p>\n\n<p><strong>Con qui\u00e9n compartimos tus datos<\/strong><\/p>\n\n<p>Si solicitas un restablecimiento de contrase\u00f1a, tu direcci\u00f3n IP se incluir\u00e1 en el correo electr\u00f3nico de restablecimiento.<\/p>\n\n<p>Cu\u00e1nto tiempo conservamos tus datos<br\/>&#8211; Si dejas un comentario, el comentario y sus metadatos se conservan indefinidamente.<br\/>&#8211; Los usuarios registrados pueden ver, editar o eliminar su informaci\u00f3n personal en cualquier momento (excepto los cambios de nombre de usuario). Los administradores del sitio web tambi\u00e9n pueden ver y editar esta informaci\u00f3n.<\/p>\n\n<p><strong>Qu\u00e9 derechos tienes sobre tus datos<\/strong><\/p>\n\n<p>Si tienes una cuenta o has dejado comentarios, puedes solicitar un archivo exportado de tus datos personales. Tambi\u00e9n puedes solicitar que borremos cualquier dato personal que tengamos, excepto los datos necesarios para fines administrativos, legales o de seguridad.<\/p>\n\n<p><strong>D\u00f3nde se env\u00edan tus datos<\/strong><\/p>\n\n<p>Los comentarios de los visitantes pueden ser comprobados a trav\u00e9s de un servicio automatizado de detecci\u00f3n de spam.<\/p>\n\n<p><strong>Contacta con nosotros<\/strong><\/p>\n\n<p>Para cualquier consulta relacionada con la privacidad, ponte en contacto con nosotros en [tu correo electr\u00f3nico].<\/p>\n","protected":false},"excerpt":{"rendered":"<p>Pol\u00edtica de privacidad Qui\u00e9nes somos En The Stone Park, comenzamos nuestro viaje en Turqu\u00eda, una tierra famosa por&hellip;<\/p>\n","protected":false},"author":1,"featured_media":0,"parent":0,"menu_order":0,"comment_status":"closed","ping_status":"open","template":"","meta":{"footnotes":""},"class_list":["post-3934","page","type-page","status-publish","hentry"],"_links":{"self":[{"href":"https:\/\/thestonepark.com\/es\/wp-json\/wp\/v2\/pages\/3934","targetHints":{"allow":["GET"]}}],"collection":[{"href":"https:\/\/thestonepark.com\/es\/wp-json\/wp\/v2\/pages"}],"about":[{"href":"https:\/\/thestonepark.com\/es\/wp-json\/wp\/v2\/types\/page"}],"author":[{"embeddable":true,"href":"https:\/\/thestonepark.com\/es\/wp-json\/wp\/v2\/users\/1"}],"replies":[{"embeddable":true,"href":"https:\/\/thestonepark.com\/es\/wp-json\/wp\/v2\/comments?post=3934"}],"version-history":[{"count":1,"href":"https:\/\/thestonepark.com\/es\/wp-json\/wp\/v2\/pages\/3934\/revisions"}],"predecessor-version":[{"id":3939,"href":"https:\/\/thestonepark.com\/es\/wp-json\/wp\/v2\/pages\/3934\/revisions\/3939"}],"wp:attachment":[{"href":"https:\/\/thestonepark.com\/es\/wp-json\/wp\/v2\/media?parent=3934"}],"curies":[{"name":"wp","href":"https:\/\/api.w.org\/{rel}","templated":true}]}}