{"id":3942,"date":"2025-03-02T23:42:24","date_gmt":"2025-03-02T23:42:24","guid":{"rendered":"https:\/\/thestonepark.com\/politica-de-envios\/"},"modified":"2025-05-19T20:38:08","modified_gmt":"2025-05-19T20:38:08","slug":"politica-de-envios","status":"publish","type":"page","link":"https:\/\/thestonepark.com\/es\/politica-de-envios\/","title":{"rendered":"Pol\u00edtica de env\u00edos"},"content":{"rendered":"\n<h2 class=\"wp-block-heading\">Informaci\u00f3n general sobre el env\u00edo<\/h2>\n\n<p>En The Stone Park, nos aseguramos de que tus productos de piedra natural se entreguen de forma eficaz y segura. Trabajamos con transportistas de confianza para proporcionar un transporte seguro y fiable de nuestros productos.<br\/>&#8211; Todos los gastos de env\u00edo los determinan los transportistas con los que colaboramos.<br\/>&#8211; Los precios se basan en factores como el peso, el tama\u00f1o y el destino del pedido.<br\/>&#8211; Nos encargamos de toda la log\u00edstica, negociaciones y gestiones necesarias en tu nombre para garantizar una entrega sin problemas.<\/p>\n\n<ol start=\"2\" class=\"wp-block-list\">\n<li>Opciones de entrega<\/li>\n<\/ol>\n\n<p>Ofrecemos recogida en almac\u00e9n y env\u00edo coordinado de mercanc\u00edas:<br\/>&#8211; Recogida en almac\u00e9n (entrega en dep\u00f3sito):<br\/>&#8211; Los clientes pueden organizar su propia recogida en nuestros almacenes designados.<br\/>&#8211; Las citas de recogida deben programarse con antelaci\u00f3n.<br\/>&#8211; Env\u00edo de mercanc\u00edas a trav\u00e9s de nuestros transportistas asociados:<br\/>&#8211; Nos coordinamos directamente con nuestros transportistas asociados para organizar la entrega.<br\/>&#8211; Los gastos de env\u00edo los calcula el transportista y se comunicar\u00e1n antes del env\u00edo.<br\/>&#8211; Las entregas se realizan en direcciones comerciales y residenciales seg\u00fan las condiciones de servicio del transportista.<\/p>\n\n<ol start=\"3\" class=\"wp-block-list\">\n<li>Gastos de env\u00edo y pago<br\/>&#8211; Las tarifas de env\u00edo las fija el transportista, no The Stone Park.<br\/>&#8211; Los clientes recibir\u00e1n un presupuesto de env\u00edo antes de finalizar su pedido.<br\/>&#8211; Los gastos de env\u00edo deben abonarse antes del env\u00edo.<\/li>\n\n\n\n<li>Tiempos de tr\u00e1nsito y plazos de entrega<br\/>&#8211; Los plazos de entrega var\u00edan en funci\u00f3n del destino, el peso del producto y la disponibilidad del transportista.<br\/>&#8211; Los plazos de env\u00edo est\u00e1ndar oscilan entre 5 y 14 d\u00edas laborables, dependiendo de la ubicaci\u00f3n.<br\/>&#8211; Proporcionaremos un plazo de entrega estimado una vez reservado el env\u00edo.<\/li>\n\n\n\n<li>Seguimiento y comunicaci\u00f3n<br\/>&#8211; Una vez enviado tu pedido, te proporcionaremos un n\u00famero de seguimiento (si el transportista dispone de \u00e9l).<br\/>&#8211; Nuestro equipo permanecer\u00e1 en contacto con el transportista para garantizar una entrega puntual y sin problemas.<\/li>\n\n\n\n<li>Responsabilidad del env\u00edo y reclamaciones por da\u00f1os<br\/>&#8211; Una vez que el producto sale de nuestro almac\u00e9n, queda bajo la responsabilidad del transportista.<br\/>&#8211; Tomamos todas las precauciones necesarias para garantizar la manipulaci\u00f3n segura de nuestros productos antes del env\u00edo.<br\/>&#8211; En caso de cualquier da\u00f1o o p\u00e9rdida durante el transporte, las reclamaciones deben presentarse al transportista.<br\/>&#8211; Ayudaremos en la comunicaci\u00f3n con el transportista, pero no somos responsables de los da\u00f1os ocasionados durante el env\u00edo.<\/li>\n\n\n\n<li>Env\u00edos internacionales<br\/>&#8211; En la actualidad, realizamos env\u00edos dentro de Estados Unidos.<br\/>&#8211; Para pedidos internacionales, los clientes deben organizar su propia log\u00edstica, o podemos proporcionarles asistencia de referencia a nuestros proveedores de transporte internacional asociados.<\/li>\n\n\n\n<li>Contacta con nosotros<\/li>\n<\/ol>\n\n<p>Para cualquier pregunta sobre el env\u00edo o la entrega, ponte en contacto con nosotros:<\/p>\n\n<p>\ud83d\udccd Direcci\u00f3n: 831 NW 21st St, Miami, FL 33127-4625 EEUU<br\/>\ud83d\udcde Tel\u00e9fono: +1 (888) 88-CDW-88<br\/>\ud83d\udce7 Correo electr\u00f3nico: {tu correo electr\u00f3nico}<\/p>\n\n<p>Nos comprometemos a proporcionar una experiencia de env\u00edo sin problemas y a garantizar que tu pedido llegue de forma segura y eficiente.<\/p>\n","protected":false},"excerpt":{"rendered":"<p>Informaci\u00f3n general sobre el env\u00edo En The Stone Park, nos aseguramos de que tus productos de piedra natural&hellip;<\/p>\n","protected":false},"author":1,"featured_media":0,"parent":0,"menu_order":0,"comment_status":"closed","ping_status":"closed","template":"","meta":{"footnotes":""},"class_list":["post-3942","page","type-page","status-publish","hentry"],"_links":{"self":[{"href":"https:\/\/thestonepark.com\/es\/wp-json\/wp\/v2\/pages\/3942","targetHints":{"allow":["GET"]}}],"collection":[{"href":"https:\/\/thestonepark.com\/es\/wp-json\/wp\/v2\/pages"}],"about":[{"href":"https:\/\/thestonepark.com\/es\/wp-json\/wp\/v2\/types\/page"}],"author":[{"embeddable":true,"href":"https:\/\/thestonepark.com\/es\/wp-json\/wp\/v2\/users\/1"}],"replies":[{"embeddable":true,"href":"https:\/\/thestonepark.com\/es\/wp-json\/wp\/v2\/comments?post=3942"}],"version-history":[{"count":1,"href":"https:\/\/thestonepark.com\/es\/wp-json\/wp\/v2\/pages\/3942\/revisions"}],"predecessor-version":[{"id":3946,"href":"https:\/\/thestonepark.com\/es\/wp-json\/wp\/v2\/pages\/3942\/revisions\/3946"}],"wp:attachment":[{"href":"https:\/\/thestonepark.com\/es\/wp-json\/wp\/v2\/media?parent=3942"}],"curies":[{"name":"wp","href":"https:\/\/api.w.org\/{rel}","templated":true}]}}