{"id":3975,"date":"2023-04-29T18:57:59","date_gmt":"2023-04-29T18:57:59","guid":{"rendered":"https:\/\/thestonepark.com\/shop\/lampara-de-suspension-leafus\/"},"modified":"2023-04-29T18:57:59","modified_gmt":"2023-04-29T18:57:59","slug":"lampara-de-suspension-leafus","status":"publish","type":"product","link":"https:\/\/thestonepark.com\/es\/shop\/lampara-de-suspension-leafus\/","title":{"rendered":"L\u00e1mpara de suspensi\u00f3n Leafus"},"content":{"rendered":"<p>La l\u00e1mpara de suspensi\u00f3n Leafus desprende una sutil brisa de dise\u00f1o fresco y moderno. Esta lujosa l\u00e1mpara de suspensi\u00f3n rebosa sofisticaci\u00f3n con una forma org\u00e1nica y elegante. Inspirada en la naturaleza, esta l\u00e1mpara de dise\u00f1o es perfecta para realzar cualquier sal\u00f3n contempor\u00e1neo.<\/p>\n","protected":false},"excerpt":{"rendered":"<div class=\"woocommerce-product-details__short-description\">\n<p>La l\u00e1mpara de suspensi\u00f3n Leafus desprende una sutil brisa de dise\u00f1o fresco y moderno. Una lujosa l\u00e1mpara de suspensi\u00f3n con una forma org\u00e1nica y elegante.<\/p>\n<\/div>\n","protected":false},"featured_media":3810,"comment_status":"open","ping_status":"closed","template":"","meta":[],"product_cat":[131,133],"product_tag":[135,138],"class_list":{"0":"post-3975","1":"product","2":"type-product","3":"status-publish","4":"has-post-thumbnail","6":"product_cat-losas","7":"product_cat-losas-dekton","8":"product_tag-iluminacion","9":"product_tag-moderno","10":"pa_brand-estudio-hommes","12":"first","13":"instock","14":"shipping-taxable","15":"purchasable","16":"product-type-simple"},"_links":{"self":[{"href":"https:\/\/thestonepark.com\/es\/wp-json\/wp\/v2\/product\/3975","targetHints":{"allow":["GET"]}}],"collection":[{"href":"https:\/\/thestonepark.com\/es\/wp-json\/wp\/v2\/product"}],"about":[{"href":"https:\/\/thestonepark.com\/es\/wp-json\/wp\/v2\/types\/product"}],"replies":[{"embeddable":true,"href":"https:\/\/thestonepark.com\/es\/wp-json\/wp\/v2\/comments?post=3975"}],"version-history":[{"count":0,"href":"https:\/\/thestonepark.com\/es\/wp-json\/wp\/v2\/product\/3975\/revisions"}],"wp:featuredmedia":[{"embeddable":true,"href":"https:\/\/thestonepark.com\/es\/wp-json\/wp\/v2\/media\/3810"}],"wp:attachment":[{"href":"https:\/\/thestonepark.com\/es\/wp-json\/wp\/v2\/media?parent=3975"}],"wp:term":[{"taxonomy":"product_cat","embeddable":true,"href":"https:\/\/thestonepark.com\/es\/wp-json\/wp\/v2\/product_cat?post=3975"},{"taxonomy":"product_tag","embeddable":true,"href":"https:\/\/thestonepark.com\/es\/wp-json\/wp\/v2\/product_tag?post=3975"}],"curies":[{"name":"wp","href":"https:\/\/api.w.org\/{rel}","templated":true}]}}