{"id":3982,"date":"2023-04-29T18:56:17","date_gmt":"2023-04-29T18:56:17","guid":{"rendered":"https:\/\/thestonepark.com\/shop\/lampara-de-suspension-cher\/"},"modified":"2023-04-29T18:56:17","modified_gmt":"2023-04-29T18:56:17","slug":"lampara-de-suspension-cher","status":"publish","type":"product","link":"https:\/\/thestonepark.com\/es\/shop\/lampara-de-suspension-cher\/","title":{"rendered":"L\u00e1mpara de suspensi\u00f3n Cher"},"content":{"rendered":"<p>La L\u00e1mpara de Suspensi\u00f3n Cher presenta formas irreverentes. Inspirada en el estilo de mediados de siglo, esta l\u00e1mpara de techo posee una exquisita selecci\u00f3n de materiales. Una l\u00e1mpara de suspensi\u00f3n artesanal excepcional para cualquier espacio vital, apta para proyectos contract o residenciales.<\/p>\n","protected":false},"excerpt":{"rendered":"<p>La L\u00e1mpara de Suspensi\u00f3n Cher presenta formas irreverentes. Inspirada en el estilo de mediados de siglo, esta l\u00e1mpara de techo posee una exquisita selecci\u00f3n de materiales.<\/p>\n","protected":false},"featured_media":3816,"comment_status":"open","ping_status":"closed","template":"","meta":[],"product_cat":[176,174,168,175,131,133,173,171,172],"product_tag":[135,138],"class_list":{"0":"post-3982","1":"product","2":"type-product","3":"status-publish","4":"has-post-thumbnail","6":"product_cat-accesorios-de-piedra","7":"product_cat-adoquines","8":"product_cat-azulejos","9":"product_cat-chapa-de-piedra","10":"product_cat-losas","11":"product_cat-losas-dekton","12":"product_cat-mosaicos","13":"product_cat-obras-de-arte-en-piedra","14":"product_cat-piedras-para-jardineria","15":"product_tag-iluminacion","16":"product_tag-moderno","17":"pa_brand-moa-es","19":"first","20":"instock","21":"shipping-taxable","22":"purchasable","23":"product-type-simple"},"_links":{"self":[{"href":"https:\/\/thestonepark.com\/es\/wp-json\/wp\/v2\/product\/3982","targetHints":{"allow":["GET"]}}],"collection":[{"href":"https:\/\/thestonepark.com\/es\/wp-json\/wp\/v2\/product"}],"about":[{"href":"https:\/\/thestonepark.com\/es\/wp-json\/wp\/v2\/types\/product"}],"replies":[{"embeddable":true,"href":"https:\/\/thestonepark.com\/es\/wp-json\/wp\/v2\/comments?post=3982"}],"version-history":[{"count":0,"href":"https:\/\/thestonepark.com\/es\/wp-json\/wp\/v2\/product\/3982\/revisions"}],"wp:featuredmedia":[{"embeddable":true,"href":"https:\/\/thestonepark.com\/es\/wp-json\/wp\/v2\/media\/3816"}],"wp:attachment":[{"href":"https:\/\/thestonepark.com\/es\/wp-json\/wp\/v2\/media?parent=3982"}],"wp:term":[{"taxonomy":"product_cat","embeddable":true,"href":"https:\/\/thestonepark.com\/es\/wp-json\/wp\/v2\/product_cat?post=3982"},{"taxonomy":"product_tag","embeddable":true,"href":"https:\/\/thestonepark.com\/es\/wp-json\/wp\/v2\/product_tag?post=3982"}],"curies":[{"name":"wp","href":"https:\/\/api.w.org\/{rel}","templated":true}]}}