{"id":3988,"date":"2023-04-29T18:44:07","date_gmt":"2023-04-29T18:44:07","guid":{"rendered":"https:\/\/thestonepark.com\/shop\/juego-de-mesas-auxiliares-fifih\/"},"modified":"2023-04-29T18:44:07","modified_gmt":"2023-04-29T18:44:07","slug":"juego-de-mesas-auxiliares-fifih","status":"publish","type":"product","link":"https:\/\/thestonepark.com\/es\/shop\/juego-de-mesas-auxiliares-fifih\/","title":{"rendered":"Juego de Mesas Auxiliares Fifih"},"content":{"rendered":"<p>El juego de mesas auxiliares Fifih es un juego de tres mesas auxiliares de madera. Con una modernidad peculiar, este magn\u00edfico conjunto de mesas es elegante y funcional. Totalmente fabricado en madera maciza, este conjunto hace gala de un dise\u00f1o limpio y elegante, que fusiona una geometr\u00eda armoniosa con la pureza de los materiales naturales. Con tres alturas diferentes, estas mesas auxiliares de madera crear\u00e1n un aspecto llamativo cuando se coloquen juntas en un sal\u00f3n moderno. La sencillez de materiales y l\u00edneas hace que el dise\u00f1o moderno sea atemporal y elegante. El Juego de Mesas Auxiliares Fifih es una pieza de mobiliario esencial en todo proyecto de interiorismo moderno.<\/p>\n","protected":false},"excerpt":{"rendered":"<p>El juego de mesas auxiliares Fifih es un conjunto de tres mesas auxiliares de madera que permite m\u00faltiples variaciones y combinaciones.<\/p>\n","protected":false},"featured_media":3492,"comment_status":"open","ping_status":"closed","template":"","meta":[],"product_cat":[131,180],"product_tag":[166,138,181],"class_list":{"0":"post-3988","1":"product","2":"type-product","3":"status-publish","4":"has-post-thumbnail","6":"product_cat-losas","7":"product_cat-losas-de-piedra-caliza","8":"product_tag-mesa-lateral","9":"product_tag-moderno","10":"product_tag-piedra","11":"pa_brand-moa-es","13":"first","14":"instock","15":"shipping-taxable","16":"product-type-external"},"_links":{"self":[{"href":"https:\/\/thestonepark.com\/es\/wp-json\/wp\/v2\/product\/3988","targetHints":{"allow":["GET"]}}],"collection":[{"href":"https:\/\/thestonepark.com\/es\/wp-json\/wp\/v2\/product"}],"about":[{"href":"https:\/\/thestonepark.com\/es\/wp-json\/wp\/v2\/types\/product"}],"replies":[{"embeddable":true,"href":"https:\/\/thestonepark.com\/es\/wp-json\/wp\/v2\/comments?post=3988"}],"version-history":[{"count":0,"href":"https:\/\/thestonepark.com\/es\/wp-json\/wp\/v2\/product\/3988\/revisions"}],"wp:featuredmedia":[{"embeddable":true,"href":"https:\/\/thestonepark.com\/es\/wp-json\/wp\/v2\/media\/3492"}],"wp:attachment":[{"href":"https:\/\/thestonepark.com\/es\/wp-json\/wp\/v2\/media?parent=3988"}],"wp:term":[{"taxonomy":"product_cat","embeddable":true,"href":"https:\/\/thestonepark.com\/es\/wp-json\/wp\/v2\/product_cat?post=3988"},{"taxonomy":"product_tag","embeddable":true,"href":"https:\/\/thestonepark.com\/es\/wp-json\/wp\/v2\/product_tag?post=3988"}],"curies":[{"name":"wp","href":"https:\/\/api.w.org\/{rel}","templated":true}]}}