{"id":3989,"date":"2023-04-29T18:47:29","date_gmt":"2023-04-29T18:47:29","guid":{"rendered":"https:\/\/thestonepark.com\/shop\/mesa-auxiliar-pequena-niagara-roble\/"},"modified":"2023-04-29T18:47:29","modified_gmt":"2023-04-29T18:47:29","slug":"mesa-auxiliar-pequena-niagara-roble","status":"publish","type":"product","link":"https:\/\/thestonepark.com\/es\/shop\/mesa-auxiliar-pequena-niagara-roble\/","title":{"rendered":"Mesa auxiliar peque\u00f1a Niagara Roble"},"content":{"rendered":"<p>El conjunto Niagara Small Side Table Oak presenta una forma geom\u00e9trica inspirada en la onda del movimiento Memphis. Una mesa auxiliar moderna fabricada en roble y madera de ojo de perdiz. Una mesa de madera es una elecci\u00f3n perfecta para un sal\u00f3n moderno. La Mesa auxiliar grande Niagara Roble presenta una forma geom\u00e9trica inspirada en la onda del movimiento Memphis.<\/p>\n","protected":false},"excerpt":{"rendered":"<p>La Mesita auxiliar Ni\u00e1gara Roble presenta una forma geom\u00e9trica inspirada en la onda del movimiento Memphis. Una mesa auxiliar moderna con una cuidada selecci\u00f3n de acabados de madera.<\/p>\n","protected":false},"featured_media":3501,"comment_status":"open","ping_status":"closed","template":"","meta":[],"product_cat":[131,184],"product_tag":[185,166,138],"class_list":{"0":"post-3989","1":"product","2":"type-product","3":"status-publish","4":"has-post-thumbnail","6":"product_cat-losas","7":"product_cat-losas-de-granito","8":"product_tag-madera","9":"product_tag-mesa-lateral","10":"product_tag-moderno","11":"pa_brand-lisola-es","13":"first","14":"instock","15":"shipping-taxable","16":"purchasable","17":"product-type-simple"},"_links":{"self":[{"href":"https:\/\/thestonepark.com\/es\/wp-json\/wp\/v2\/product\/3989","targetHints":{"allow":["GET"]}}],"collection":[{"href":"https:\/\/thestonepark.com\/es\/wp-json\/wp\/v2\/product"}],"about":[{"href":"https:\/\/thestonepark.com\/es\/wp-json\/wp\/v2\/types\/product"}],"replies":[{"embeddable":true,"href":"https:\/\/thestonepark.com\/es\/wp-json\/wp\/v2\/comments?post=3989"}],"version-history":[{"count":0,"href":"https:\/\/thestonepark.com\/es\/wp-json\/wp\/v2\/product\/3989\/revisions"}],"wp:featuredmedia":[{"embeddable":true,"href":"https:\/\/thestonepark.com\/es\/wp-json\/wp\/v2\/media\/3501"}],"wp:attachment":[{"href":"https:\/\/thestonepark.com\/es\/wp-json\/wp\/v2\/media?parent=3989"}],"wp:term":[{"taxonomy":"product_cat","embeddable":true,"href":"https:\/\/thestonepark.com\/es\/wp-json\/wp\/v2\/product_cat?post=3989"},{"taxonomy":"product_tag","embeddable":true,"href":"https:\/\/thestonepark.com\/es\/wp-json\/wp\/v2\/product_tag?post=3989"}],"curies":[{"name":"wp","href":"https:\/\/api.w.org\/{rel}","templated":true}]}}