{"id":3992,"date":"2023-04-29T18:37:51","date_gmt":"2023-04-29T18:37:51","guid":{"rendered":"https:\/\/thestonepark.com\/shop\/mesilla-de-noche-matrioska\/"},"modified":"2023-04-29T18:37:51","modified_gmt":"2023-04-29T18:37:51","slug":"mesilla-de-noche-matrioska","status":"publish","type":"product","link":"https:\/\/thestonepark.com\/es\/shop\/mesilla-de-noche-matrioska\/","title":{"rendered":"Mesilla de noche Matrioska"},"content":{"rendered":"<p>La mesilla de noche Matrioska es una pieza moderna para proyectos de interiorismo contempor\u00e1neo. El excepcional dise\u00f1o geom\u00e9trico de esta moderna mesilla de noche le permite convertirse en una pieza esencial de la decoraci\u00f3n de tu dormitorio.<\/p>\n","protected":false},"excerpt":{"rendered":"<p>La mesilla de noche Matrioska es una pieza moderna para proyectos de interiorismo contempor\u00e1neo. La pieza que necesita tu dormitorio.<\/p>\n","protected":false},"featured_media":3480,"comment_status":"open","ping_status":"closed","template":"","meta":[],"product_cat":[131,189],"product_tag":[185,166],"class_list":{"0":"post-3992","1":"product","2":"type-product","3":"status-publish","4":"has-post-thumbnail","6":"product_cat-losas","7":"product_cat-losas-de-onice","8":"product_tag-madera","9":"product_tag-mesa-lateral","10":"pa_brand-lisola-es","12":"first","13":"instock","14":"shipping-taxable","15":"purchasable","16":"product-type-simple"},"_links":{"self":[{"href":"https:\/\/thestonepark.com\/es\/wp-json\/wp\/v2\/product\/3992","targetHints":{"allow":["GET"]}}],"collection":[{"href":"https:\/\/thestonepark.com\/es\/wp-json\/wp\/v2\/product"}],"about":[{"href":"https:\/\/thestonepark.com\/es\/wp-json\/wp\/v2\/types\/product"}],"replies":[{"embeddable":true,"href":"https:\/\/thestonepark.com\/es\/wp-json\/wp\/v2\/comments?post=3992"}],"version-history":[{"count":0,"href":"https:\/\/thestonepark.com\/es\/wp-json\/wp\/v2\/product\/3992\/revisions"}],"wp:featuredmedia":[{"embeddable":true,"href":"https:\/\/thestonepark.com\/es\/wp-json\/wp\/v2\/media\/3480"}],"wp:attachment":[{"href":"https:\/\/thestonepark.com\/es\/wp-json\/wp\/v2\/media?parent=3992"}],"wp:term":[{"taxonomy":"product_cat","embeddable":true,"href":"https:\/\/thestonepark.com\/es\/wp-json\/wp\/v2\/product_cat?post=3992"},{"taxonomy":"product_tag","embeddable":true,"href":"https:\/\/thestonepark.com\/es\/wp-json\/wp\/v2\/product_tag?post=3992"}],"curies":[{"name":"wp","href":"https:\/\/api.w.org\/{rel}","templated":true}]}}