{"id":4045,"date":"2023-04-29T16:02:29","date_gmt":"2023-04-29T16:02:29","guid":{"rendered":"https:\/\/thestonepark.com\/shop\/sofa-moa\/"},"modified":"2025-05-19T20:39:28","modified_gmt":"2025-05-19T20:39:28","slug":"sofa-moa","status":"publish","type":"product","link":"https:\/\/thestonepark.com\/es\/shop\/sofa-moa\/","title":{"rendered":"Sof\u00e1 Moa"},"content":{"rendered":"<p>El Sof\u00e1 Moa es un dise\u00f1o de l\u00edneas puras. Est\u00e1 tapizado en ante y su estructura es de madera de fresno wengu\u00e9 mate, con detalles en lat\u00f3n pulido. El moderno dise\u00f1o del sof\u00e1 expresa una geometr\u00eda solemne que acent\u00faa una identidad moderna en cualquier proyecto de interiorismo contempor\u00e1neo.  <\/p>\n","protected":false},"excerpt":{"rendered":"<p>El Sof\u00e1 Moa es un sof\u00e1 de lujo para proyectos de dise\u00f1o de salones modernos. Este impresionante sof\u00e1 moderno representa los \u00faltimos dise\u00f1os de sof\u00e1s. <\/p>\n","protected":false},"featured_media":3366,"comment_status":"open","ping_status":"closed","template":"","meta":[],"product_cat":[],"product_tag":[138,222],"class_list":{"0":"post-4045","1":"product","2":"type-product","3":"status-publish","4":"has-post-thumbnail","6":"product_tag-moderno","7":"product_tag-sofa-es","8":"pa_brand-moa-es","10":"first","11":"instock","12":"sale","13":"shipping-taxable","14":"purchasable","15":"product-type-simple"},"_links":{"self":[{"href":"https:\/\/thestonepark.com\/es\/wp-json\/wp\/v2\/product\/4045","targetHints":{"allow":["GET"]}}],"collection":[{"href":"https:\/\/thestonepark.com\/es\/wp-json\/wp\/v2\/product"}],"about":[{"href":"https:\/\/thestonepark.com\/es\/wp-json\/wp\/v2\/types\/product"}],"replies":[{"embeddable":true,"href":"https:\/\/thestonepark.com\/es\/wp-json\/wp\/v2\/comments?post=4045"}],"version-history":[{"count":0,"href":"https:\/\/thestonepark.com\/es\/wp-json\/wp\/v2\/product\/4045\/revisions"}],"wp:featuredmedia":[{"embeddable":true,"href":"https:\/\/thestonepark.com\/es\/wp-json\/wp\/v2\/media\/3366"}],"wp:attachment":[{"href":"https:\/\/thestonepark.com\/es\/wp-json\/wp\/v2\/media?parent=4045"}],"wp:term":[{"taxonomy":"product_cat","embeddable":true,"href":"https:\/\/thestonepark.com\/es\/wp-json\/wp\/v2\/product_cat?post=4045"},{"taxonomy":"product_tag","embeddable":true,"href":"https:\/\/thestonepark.com\/es\/wp-json\/wp\/v2\/product_tag?post=4045"}],"curies":[{"name":"wp","href":"https:\/\/api.w.org\/{rel}","templated":true}]}}