{"id":4046,"date":"2023-04-29T15:22:44","date_gmt":"2023-04-29T15:22:44","guid":{"rendered":"https:\/\/thestonepark.com\/shop\/sofa-retro-lisola\/"},"modified":"2025-05-19T20:39:30","modified_gmt":"2025-05-19T20:39:30","slug":"sofa-retro-lisola","status":"publish","type":"product","link":"https:\/\/thestonepark.com\/es\/shop\/sofa-retro-lisola\/","title":{"rendered":"Sof\u00e1 Retro Lisola"},"content":{"rendered":"<div class=\"woocommerce-product-details__short-description\">\n<p>El Sof\u00e1 Retro Lisola es una moderna pieza de asiento para exteriores. Un lujoso sof\u00e1 de exterior creado con el dise\u00f1o m\u00e1s refinado y materiales delicados que lo convierten en una aut\u00e9ntica pieza de dise\u00f1o de lujo. Encaja perfectamente en un proyecto contempor\u00e1neo de exterior. Como m\u00ednimo, har\u00e1 que cualquiera quiera volver a verlo una vez m\u00e1s.   <\/p>\n<ul>\n<li>Anchura: 230 cm<\/li>\n<li>Profundidad: 93 cm \/ 36,6 pulg.<\/li>\n<li>Altura: 62 cm<\/li>\n<li>Altura del asiento: 42 cm \/ 16,5 in<\/li>\n<li class=\"custom-info\">\n<div class=\"custom-info-item-title\">Tapizado en tela estampada<\/div>\n<\/li>\n<li class=\"custom-info\">\n<div class=\"custom-info-item-title\">Detalles en cuero negro<\/div>\n<\/li>\n<\/ul>\n<\/div>\n","protected":false},"excerpt":{"rendered":"<p>El Sof\u00e1 Retro Lisola es una pieza de asiento moderna. Un moderno sof\u00e1 de exterior creado con el dise\u00f1o m\u00e1s refinado y materiales delicados. <\/p>\n","protected":false},"featured_media":3348,"comment_status":"open","ping_status":"closed","template":"","meta":[],"product_cat":[],"product_tag":[138,224,222],"class_list":{"0":"post-4046","1":"product","2":"type-product","3":"status-publish","4":"has-post-thumbnail","6":"product_tag-moderno","7":"product_tag-muebles-de-diseno","8":"product_tag-sofa-es","9":"pa_brand-lisola-es","10":"pa_color-blanco","11":"pa_textile-algodon","13":"first","14":"instock","15":"shipping-taxable","16":"purchasable","17":"product-type-simple"},"_links":{"self":[{"href":"https:\/\/thestonepark.com\/es\/wp-json\/wp\/v2\/product\/4046","targetHints":{"allow":["GET"]}}],"collection":[{"href":"https:\/\/thestonepark.com\/es\/wp-json\/wp\/v2\/product"}],"about":[{"href":"https:\/\/thestonepark.com\/es\/wp-json\/wp\/v2\/types\/product"}],"replies":[{"embeddable":true,"href":"https:\/\/thestonepark.com\/es\/wp-json\/wp\/v2\/comments?post=4046"}],"version-history":[{"count":0,"href":"https:\/\/thestonepark.com\/es\/wp-json\/wp\/v2\/product\/4046\/revisions"}],"wp:featuredmedia":[{"embeddable":true,"href":"https:\/\/thestonepark.com\/es\/wp-json\/wp\/v2\/media\/3348"}],"wp:attachment":[{"href":"https:\/\/thestonepark.com\/es\/wp-json\/wp\/v2\/media?parent=4046"}],"wp:term":[{"taxonomy":"product_cat","embeddable":true,"href":"https:\/\/thestonepark.com\/es\/wp-json\/wp\/v2\/product_cat?post=4046"},{"taxonomy":"product_tag","embeddable":true,"href":"https:\/\/thestonepark.com\/es\/wp-json\/wp\/v2\/product_tag?post=4046"}],"curies":[{"name":"wp","href":"https:\/\/api.w.org\/{rel}","templated":true}]}}