{"id":4051,"date":"2023-04-29T16:41:31","date_gmt":"2023-04-29T16:41:31","guid":{"rendered":"https:\/\/thestonepark.com\/shop\/sofa-kara\/"},"modified":"2023-04-29T16:41:31","modified_gmt":"2023-04-29T16:41:31","slug":"sofa-kara","status":"publish","type":"product","link":"https:\/\/thestonepark.com\/es\/shop\/sofa-kara\/","title":{"rendered":"Sof\u00e1 Kara"},"content":{"rendered":"<p>El Sof\u00e1 Kara es un sof\u00e1 de estilo art d\u00e9co. Sus inspiraciones art d\u00e9co se reflejan en sus formas, revelando un estilo ecl\u00e9ctico y lujoso. Este sof\u00e1 de dise\u00f1o moderno promete ser el protagonista absoluto de un proyecto de sal\u00f3n.  <\/p>\n","protected":false},"excerpt":{"rendered":"<p>El Sof\u00e1 Kara es un sof\u00e1 de estilo art d\u00e9co. Sus inspiraciones art d\u00e9co se reflejan en sus formas, revelando un estilo ecl\u00e9ctico y lujoso. <\/p>\n","protected":false},"featured_media":3402,"comment_status":"open","ping_status":"closed","template":"","meta":[],"product_cat":[171],"product_tag":[185,222],"class_list":{"0":"post-4051","1":"product","2":"type-product","3":"status-publish","4":"has-post-thumbnail","6":"product_cat-obras-de-arte-en-piedra","7":"product_tag-madera","8":"product_tag-sofa-es","9":"pa_brand-estudio-hommes","11":"first","12":"instock","13":"sale","14":"shipping-taxable","15":"product-type-grouped"},"_links":{"self":[{"href":"https:\/\/thestonepark.com\/es\/wp-json\/wp\/v2\/product\/4051","targetHints":{"allow":["GET"]}}],"collection":[{"href":"https:\/\/thestonepark.com\/es\/wp-json\/wp\/v2\/product"}],"about":[{"href":"https:\/\/thestonepark.com\/es\/wp-json\/wp\/v2\/types\/product"}],"replies":[{"embeddable":true,"href":"https:\/\/thestonepark.com\/es\/wp-json\/wp\/v2\/comments?post=4051"}],"version-history":[{"count":0,"href":"https:\/\/thestonepark.com\/es\/wp-json\/wp\/v2\/product\/4051\/revisions"}],"wp:featuredmedia":[{"embeddable":true,"href":"https:\/\/thestonepark.com\/es\/wp-json\/wp\/v2\/media\/3402"}],"wp:attachment":[{"href":"https:\/\/thestonepark.com\/es\/wp-json\/wp\/v2\/media?parent=4051"}],"wp:term":[{"taxonomy":"product_cat","embeddable":true,"href":"https:\/\/thestonepark.com\/es\/wp-json\/wp\/v2\/product_cat?post=4051"},{"taxonomy":"product_tag","embeddable":true,"href":"https:\/\/thestonepark.com\/es\/wp-json\/wp\/v2\/product_tag?post=4051"}],"curies":[{"name":"wp","href":"https:\/\/api.w.org\/{rel}","templated":true}]}}