{"id":4056,"date":"2023-04-29T16:38:44","date_gmt":"2023-04-29T16:38:44","guid":{"rendered":"https:\/\/thestonepark.com\/shop\/sofa-ajui\/"},"modified":"2023-04-29T16:38:44","modified_gmt":"2023-04-29T16:38:44","slug":"sofa-ajui","status":"publish","type":"product","link":"https:\/\/thestonepark.com\/es\/shop\/sofa-ajui\/","title":{"rendered":"Sof\u00e1 Ajui"},"content":{"rendered":"<p>El Sof\u00e1 Ajui se inspira en el ic\u00f3nico estilo de Memphis. El sof\u00e1 combina una interpretaci\u00f3n art\u00edstica de la forma de un cactus con la comodidad que se espera de un sof\u00e1 de lujo. Est\u00e1 tapizada en terciopelo con estructura y base de lat\u00f3n pulido. La elecci\u00f3n perfecta para un dise\u00f1o de sal\u00f3n moderno o un proyecto comercial \u00fanico.<\/p>\n","protected":false},"excerpt":{"rendered":"<p>El Sof\u00e1 Ajui se inspira en el ic\u00f3nico estilo de Memphis. El sof\u00e1 combina una interpretaci\u00f3n art\u00edstica de la forma de un cactus y est\u00e1 tapizado en terciopelo.<\/p>\n","protected":false},"featured_media":3390,"comment_status":"open","ping_status":"closed","template":"","meta":[],"product_cat":[168,244,240,239,245,246,242,243,241],"product_tag":[185,222],"class_list":{"0":"post-4056","1":"product","2":"type-product","3":"status-publish","4":"has-post-thumbnail","6":"product_cat-azulejos","7":"product_cat-baldosas-de-basalto","8":"product_cat-baldosas-de-ceramica","9":"product_cat-baldosas-de-marmol","10":"product_cat-baldosas-de-onice","11":"product_cat-baldosas-de-piedra-caliza","12":"product_cat-baldosas-de-terrazo","13":"product_cat-baldosas-de-travertino","14":"product_cat-porcelanico","15":"product_tag-madera","16":"product_tag-sofa-es","17":"pa_brand-estudio-hommes","19":"first","20":"instock","21":"sale","22":"shipping-taxable","23":"purchasable","24":"product-type-simple"},"_links":{"self":[{"href":"https:\/\/thestonepark.com\/es\/wp-json\/wp\/v2\/product\/4056","targetHints":{"allow":["GET"]}}],"collection":[{"href":"https:\/\/thestonepark.com\/es\/wp-json\/wp\/v2\/product"}],"about":[{"href":"https:\/\/thestonepark.com\/es\/wp-json\/wp\/v2\/types\/product"}],"replies":[{"embeddable":true,"href":"https:\/\/thestonepark.com\/es\/wp-json\/wp\/v2\/comments?post=4056"}],"version-history":[{"count":0,"href":"https:\/\/thestonepark.com\/es\/wp-json\/wp\/v2\/product\/4056\/revisions"}],"wp:featuredmedia":[{"embeddable":true,"href":"https:\/\/thestonepark.com\/es\/wp-json\/wp\/v2\/media\/3390"}],"wp:attachment":[{"href":"https:\/\/thestonepark.com\/es\/wp-json\/wp\/v2\/media?parent=4056"}],"wp:term":[{"taxonomy":"product_cat","embeddable":true,"href":"https:\/\/thestonepark.com\/es\/wp-json\/wp\/v2\/product_cat?post=4056"},{"taxonomy":"product_tag","embeddable":true,"href":"https:\/\/thestonepark.com\/es\/wp-json\/wp\/v2\/product_tag?post=4056"}],"curies":[{"name":"wp","href":"https:\/\/api.w.org\/{rel}","templated":true}]}}