{"id":4057,"date":"2023-04-29T17:17:34","date_gmt":"2023-04-29T17:17:34","guid":{"rendered":"https:\/\/thestonepark.com\/shop\/silla-de-comedor-karmen\/"},"modified":"2023-04-29T17:17:34","modified_gmt":"2023-04-29T17:17:34","slug":"silla-de-comedor-karmen","status":"publish","type":"product","link":"https:\/\/thestonepark.com\/es\/shop\/silla-de-comedor-karmen\/","title":{"rendered":"Silla de comedor Karmen"},"content":{"rendered":"<p>La Silla Karmen a\u00f1ade clase instant\u00e1nea a tu comedor moderno. Una silla de comedor de lujo tapizada con una estructura de lat\u00f3n pulido es imprescindible en cualquier proyecto de interiorismo de alta gama.<\/p>\n","protected":false},"excerpt":{"rendered":"<div class=\"woocommerce-product-details__short-description\">\n<p>La Silla Karmen a\u00f1ade clase instant\u00e1nea a tu comedor moderno. Una silla de comedor de lujo es imprescindible en cualquier proyecto de interiorismo de alta gama.<\/p>\n<\/div>\n","protected":false},"featured_media":3414,"comment_status":"open","ping_status":"closed","template":"","meta":[],"product_cat":[248,247,131,172],"product_tag":[138,249],"class_list":{"0":"post-4057","1":"product","2":"type-product","3":"status-publish","4":"has-post-thumbnail","6":"product_cat-cantos-rodados","7":"product_cat-guijarros","8":"product_cat-losas","9":"product_cat-piedras-para-jardineria","10":"product_tag-moderno","11":"product_tag-silla","12":"pa_brand-estudio-hommes","14":"first","15":"instock","16":"shipping-taxable","17":"purchasable","18":"product-type-simple"},"_links":{"self":[{"href":"https:\/\/thestonepark.com\/es\/wp-json\/wp\/v2\/product\/4057","targetHints":{"allow":["GET"]}}],"collection":[{"href":"https:\/\/thestonepark.com\/es\/wp-json\/wp\/v2\/product"}],"about":[{"href":"https:\/\/thestonepark.com\/es\/wp-json\/wp\/v2\/types\/product"}],"replies":[{"embeddable":true,"href":"https:\/\/thestonepark.com\/es\/wp-json\/wp\/v2\/comments?post=4057"}],"version-history":[{"count":0,"href":"https:\/\/thestonepark.com\/es\/wp-json\/wp\/v2\/product\/4057\/revisions"}],"wp:featuredmedia":[{"embeddable":true,"href":"https:\/\/thestonepark.com\/es\/wp-json\/wp\/v2\/media\/3414"}],"wp:attachment":[{"href":"https:\/\/thestonepark.com\/es\/wp-json\/wp\/v2\/media?parent=4057"}],"wp:term":[{"taxonomy":"product_cat","embeddable":true,"href":"https:\/\/thestonepark.com\/es\/wp-json\/wp\/v2\/product_cat?post=4057"},{"taxonomy":"product_tag","embeddable":true,"href":"https:\/\/thestonepark.com\/es\/wp-json\/wp\/v2\/product_tag?post=4057"}],"curies":[{"name":"wp","href":"https:\/\/api.w.org\/{rel}","templated":true}]}}