{"id":4064,"date":"2023-04-29T17:28:23","date_gmt":"2023-04-29T17:28:23","guid":{"rendered":"https:\/\/thestonepark.com\/shop\/silla-nora\/"},"modified":"2023-04-29T17:28:23","modified_gmt":"2023-04-29T17:28:23","slug":"silla-nora","status":"publish","type":"product","link":"https:\/\/thestonepark.com\/es\/shop\/silla-nora\/","title":{"rendered":"Silla Nora"},"content":{"rendered":"<p>La Silla Nora transformar\u00e1 la decoraci\u00f3n de tu comedor en un espacio memorable. Una silla de comedor con respaldo de piel a\u00f1ade un elemento llamativo que aporta a\u00fan m\u00e1s intriga al dise\u00f1o del comedor.<\/p>\n","protected":false},"excerpt":{"rendered":"<p>La Silla Nora transformar\u00e1 la decoraci\u00f3n de tu comedor en un espacio memorable. Una silla de comedor perfecta para proyectos residenciales.<\/p>\n","protected":false},"featured_media":3420,"comment_status":"open","ping_status":"closed","template":"","meta":[],"product_cat":[131],"product_tag":[185,249],"class_list":{"0":"post-4064","1":"product","2":"type-product","3":"status-publish","4":"has-post-thumbnail","6":"product_cat-losas","7":"product_tag-madera","8":"product_tag-silla","9":"pa_brand-moa-es","11":"first","12":"instock","13":"sale","14":"shipping-taxable","15":"purchasable","16":"product-type-simple"},"_links":{"self":[{"href":"https:\/\/thestonepark.com\/es\/wp-json\/wp\/v2\/product\/4064","targetHints":{"allow":["GET"]}}],"collection":[{"href":"https:\/\/thestonepark.com\/es\/wp-json\/wp\/v2\/product"}],"about":[{"href":"https:\/\/thestonepark.com\/es\/wp-json\/wp\/v2\/types\/product"}],"replies":[{"embeddable":true,"href":"https:\/\/thestonepark.com\/es\/wp-json\/wp\/v2\/comments?post=4064"}],"version-history":[{"count":0,"href":"https:\/\/thestonepark.com\/es\/wp-json\/wp\/v2\/product\/4064\/revisions"}],"wp:featuredmedia":[{"embeddable":true,"href":"https:\/\/thestonepark.com\/es\/wp-json\/wp\/v2\/media\/3420"}],"wp:attachment":[{"href":"https:\/\/thestonepark.com\/es\/wp-json\/wp\/v2\/media?parent=4064"}],"wp:term":[{"taxonomy":"product_cat","embeddable":true,"href":"https:\/\/thestonepark.com\/es\/wp-json\/wp\/v2\/product_cat?post=4064"},{"taxonomy":"product_tag","embeddable":true,"href":"https:\/\/thestonepark.com\/es\/wp-json\/wp\/v2\/product_tag?post=4064"}],"curies":[{"name":"wp","href":"https:\/\/api.w.org\/{rel}","templated":true}]}}