{"id":4072,"date":"2023-04-29T17:53:12","date_gmt":"2023-04-29T17:53:12","guid":{"rendered":"https:\/\/thestonepark.com\/shop\/silla-davis\/"},"modified":"2023-04-29T17:53:12","modified_gmt":"2023-04-29T17:53:12","slug":"silla-davis","status":"publish","type":"product","link":"https:\/\/thestonepark.com\/es\/shop\/silla-davis\/","title":{"rendered":"Silla Davis"},"content":{"rendered":"<p>La Silla de Comedor Davis desprende una tranquila elegancia y una innegable energ\u00eda de lujo. Esta moderna silla de comedor con forma de dise\u00f1o \u00fanico tapizada en terciopelo y detalles en lat\u00f3n pulido, es perfecta para un proyecto de comedor de lujo.<\/p>\n","protected":false},"excerpt":{"rendered":"<p>La Silla de Comedor Davis desprende una elegancia tranquila y una energ\u00eda innegablemente lujosa. Esta silla de comedor moderna es perfecta para un proyecto de comedor de lujo<\/p>\n","protected":false},"featured_media":3441,"comment_status":"open","ping_status":"closed","template":"","meta":[],"product_cat":[131],"product_tag":[138,249],"class_list":{"0":"post-4072","1":"product","2":"type-product","3":"status-publish","4":"has-post-thumbnail","6":"product_cat-losas","7":"product_tag-moderno","8":"product_tag-silla","9":"pa_brand-estudio-hommes","11":"first","12":"instock","13":"shipping-taxable","14":"purchasable","15":"product-type-simple"},"_links":{"self":[{"href":"https:\/\/thestonepark.com\/es\/wp-json\/wp\/v2\/product\/4072","targetHints":{"allow":["GET"]}}],"collection":[{"href":"https:\/\/thestonepark.com\/es\/wp-json\/wp\/v2\/product"}],"about":[{"href":"https:\/\/thestonepark.com\/es\/wp-json\/wp\/v2\/types\/product"}],"replies":[{"embeddable":true,"href":"https:\/\/thestonepark.com\/es\/wp-json\/wp\/v2\/comments?post=4072"}],"version-history":[{"count":0,"href":"https:\/\/thestonepark.com\/es\/wp-json\/wp\/v2\/product\/4072\/revisions"}],"wp:featuredmedia":[{"embeddable":true,"href":"https:\/\/thestonepark.com\/es\/wp-json\/wp\/v2\/media\/3441"}],"wp:attachment":[{"href":"https:\/\/thestonepark.com\/es\/wp-json\/wp\/v2\/media?parent=4072"}],"wp:term":[{"taxonomy":"product_cat","embeddable":true,"href":"https:\/\/thestonepark.com\/es\/wp-json\/wp\/v2\/product_cat?post=4072"},{"taxonomy":"product_tag","embeddable":true,"href":"https:\/\/thestonepark.com\/es\/wp-json\/wp\/v2\/product_tag?post=4072"}],"curies":[{"name":"wp","href":"https:\/\/api.w.org\/{rel}","templated":true}]}}