{"id":4077,"date":"2023-04-29T17:55:35","date_gmt":"2023-04-29T17:55:35","guid":{"rendered":"https:\/\/thestonepark.com\/shop\/mesa-centro-lunarys-natural\/"},"modified":"2023-04-29T17:55:35","modified_gmt":"2023-04-29T17:55:35","slug":"mesa-centro-lunarys-natural","status":"publish","type":"product","link":"https:\/\/thestonepark.com\/es\/shop\/mesa-centro-lunarys-natural\/","title":{"rendered":"Mesa Centro Lunarys Natural"},"content":{"rendered":"<p>La Mesa Central Lunarys Natural es una pieza de dise\u00f1o moderno excepcional. La voluptuosa anatom\u00eda y la suave textura de la mesa de centro de exterior son perfectas para proyectos de interior o exterior. La Mesa Centro Lunarys Natural, definida por l\u00edneas limpias para un encanto atemporal, es otra adici\u00f3n a nuestra ic\u00f3nica Colecci\u00f3n Lunarys Family.<\/p>\n","protected":false},"excerpt":{"rendered":"<p>La Mesa Central Lunarys Natural es una extraordinaria pieza de dise\u00f1o moderno perfecta para proyectos de interior o exterior.<\/p>\n","protected":false},"featured_media":3444,"comment_status":"open","ping_status":"closed","template":"","meta":[],"product_cat":[131,265],"product_tag":[185,214],"class_list":{"0":"post-4077","1":"product","2":"type-product","3":"status-publish","4":"has-post-thumbnail","6":"product_cat-losas","7":"product_cat-losas-de-travertino","8":"product_tag-madera","9":"product_tag-tabla","10":"pa_brand-lisola-es","12":"first","13":"instock","14":"shipping-taxable","15":"purchasable","16":"product-type-simple"},"_links":{"self":[{"href":"https:\/\/thestonepark.com\/es\/wp-json\/wp\/v2\/product\/4077","targetHints":{"allow":["GET"]}}],"collection":[{"href":"https:\/\/thestonepark.com\/es\/wp-json\/wp\/v2\/product"}],"about":[{"href":"https:\/\/thestonepark.com\/es\/wp-json\/wp\/v2\/types\/product"}],"replies":[{"embeddable":true,"href":"https:\/\/thestonepark.com\/es\/wp-json\/wp\/v2\/comments?post=4077"}],"version-history":[{"count":0,"href":"https:\/\/thestonepark.com\/es\/wp-json\/wp\/v2\/product\/4077\/revisions"}],"wp:featuredmedia":[{"embeddable":true,"href":"https:\/\/thestonepark.com\/es\/wp-json\/wp\/v2\/media\/3444"}],"wp:attachment":[{"href":"https:\/\/thestonepark.com\/es\/wp-json\/wp\/v2\/media?parent=4077"}],"wp:term":[{"taxonomy":"product_cat","embeddable":true,"href":"https:\/\/thestonepark.com\/es\/wp-json\/wp\/v2\/product_cat?post=4077"},{"taxonomy":"product_tag","embeddable":true,"href":"https:\/\/thestonepark.com\/es\/wp-json\/wp\/v2\/product_tag?post=4077"}],"curies":[{"name":"wp","href":"https:\/\/api.w.org\/{rel}","templated":true}]}}