{"id":4078,"date":"2023-04-29T18:17:15","date_gmt":"2023-04-29T18:17:15","guid":{"rendered":"https:\/\/thestonepark.com\/shop\/mesa-de-comedor-prymo-natural\/"},"modified":"2023-04-29T18:17:15","modified_gmt":"2023-04-29T18:17:15","slug":"mesa-de-comedor-prymo-natural","status":"publish","type":"product","link":"https:\/\/thestonepark.com\/es\/shop\/mesa-de-comedor-prymo-natural\/","title":{"rendered":"Mesa de comedor Prymo Natural"},"content":{"rendered":"<p>La Mesa de Comedor Prymo Natural es el dise\u00f1o ideal para una zona de comedor elegante y sin esfuerzo. Esta moderna mesa de comedor redonda es una pieza h\u00edbrida que puede adaptarse a una decoraci\u00f3n de comedor interior contempor\u00e1nea y trasladarse a una refinada zona exterior. Una mesa de comedor moderna se adapta a varios estilos de dise\u00f1o, desde el ultramoderno al cautivadoramente cl\u00e1sico.<\/p>\n","protected":false},"excerpt":{"rendered":"<p>La Mesa de Comedor Prymo Natural es el dise\u00f1o ideal para un comedor interior o exterior elegante y sin esfuerzo.<\/p>\n","protected":false},"featured_media":3456,"comment_status":"open","ping_status":"closed","template":"","meta":[],"product_cat":[131,266],"product_tag":[185,214],"class_list":{"0":"post-4078","1":"product","2":"type-product","3":"status-publish","4":"has-post-thumbnail","6":"product_cat-losas","7":"product_cat-losas-semipreciosas","8":"product_tag-madera","9":"product_tag-tabla","10":"pa_brand-moa-es","11":"pa_color-beige-es","13":"first","14":"instock","15":"shipping-taxable","16":"purchasable","17":"product-type-simple"},"_links":{"self":[{"href":"https:\/\/thestonepark.com\/es\/wp-json\/wp\/v2\/product\/4078","targetHints":{"allow":["GET"]}}],"collection":[{"href":"https:\/\/thestonepark.com\/es\/wp-json\/wp\/v2\/product"}],"about":[{"href":"https:\/\/thestonepark.com\/es\/wp-json\/wp\/v2\/types\/product"}],"replies":[{"embeddable":true,"href":"https:\/\/thestonepark.com\/es\/wp-json\/wp\/v2\/comments?post=4078"}],"version-history":[{"count":0,"href":"https:\/\/thestonepark.com\/es\/wp-json\/wp\/v2\/product\/4078\/revisions"}],"wp:featuredmedia":[{"embeddable":true,"href":"https:\/\/thestonepark.com\/es\/wp-json\/wp\/v2\/media\/3456"}],"wp:attachment":[{"href":"https:\/\/thestonepark.com\/es\/wp-json\/wp\/v2\/media?parent=4078"}],"wp:term":[{"taxonomy":"product_cat","embeddable":true,"href":"https:\/\/thestonepark.com\/es\/wp-json\/wp\/v2\/product_cat?post=4078"},{"taxonomy":"product_tag","embeddable":true,"href":"https:\/\/thestonepark.com\/es\/wp-json\/wp\/v2\/product_tag?post=4078"}],"curies":[{"name":"wp","href":"https:\/\/api.w.org\/{rel}","templated":true}]}}