{"id":4081,"date":"2023-04-29T18:20:34","date_gmt":"2023-04-29T18:20:34","guid":{"rendered":"https:\/\/thestonepark.com\/shop\/mesa-de-comedor-rectangular-prymo-natural\/"},"modified":"2023-04-29T18:20:34","modified_gmt":"2023-04-29T18:20:34","slug":"mesa-de-comedor-rectangular-prymo-natural","status":"publish","type":"product","link":"https:\/\/thestonepark.com\/es\/shop\/mesa-de-comedor-rectangular-prymo-natural\/","title":{"rendered":"Mesa de comedor rectangular Prymo Natural"},"content":{"rendered":"<p>La Mesa de Comedor Rectangular Prymo Natural es el dise\u00f1o ideal para una zona de comedor elegante y sin esfuerzo. Esta moderna mesa de comedor rectangular es una pieza h\u00edbrida que puede adaptarse a una decoraci\u00f3n de comedor interior contempor\u00e1nea y trasladarse a una refinada zona exterior. Una mesa de comedor moderna se adapta a varios estilos de dise\u00f1o, desde el ultramoderno al cautivadoramente cl\u00e1sico.<\/p>\n","protected":false},"excerpt":{"rendered":"<p>La Mesa de Comedor Rectangular Prymo Natural es el dise\u00f1o ideal para un comedor de interior o exterior elegante y sin esfuerzo.<\/p>\n","protected":false},"featured_media":3462,"comment_status":"open","ping_status":"closed","template":"","meta":[],"product_cat":[131,269],"product_tag":[185,214],"class_list":{"0":"post-4081","1":"product","2":"type-product","3":"status-publish","4":"has-post-thumbnail","6":"product_cat-losas","7":"product_cat-losas-de-cuarcita","8":"product_tag-madera","9":"product_tag-tabla","10":"pa_brand-estudio-hommes","12":"first","13":"instock","14":"shipping-taxable","15":"purchasable","16":"product-type-simple"},"_links":{"self":[{"href":"https:\/\/thestonepark.com\/es\/wp-json\/wp\/v2\/product\/4081","targetHints":{"allow":["GET"]}}],"collection":[{"href":"https:\/\/thestonepark.com\/es\/wp-json\/wp\/v2\/product"}],"about":[{"href":"https:\/\/thestonepark.com\/es\/wp-json\/wp\/v2\/types\/product"}],"replies":[{"embeddable":true,"href":"https:\/\/thestonepark.com\/es\/wp-json\/wp\/v2\/comments?post=4081"}],"version-history":[{"count":0,"href":"https:\/\/thestonepark.com\/es\/wp-json\/wp\/v2\/product\/4081\/revisions"}],"wp:featuredmedia":[{"embeddable":true,"href":"https:\/\/thestonepark.com\/es\/wp-json\/wp\/v2\/media\/3462"}],"wp:attachment":[{"href":"https:\/\/thestonepark.com\/es\/wp-json\/wp\/v2\/media?parent=4081"}],"wp:term":[{"taxonomy":"product_cat","embeddable":true,"href":"https:\/\/thestonepark.com\/es\/wp-json\/wp\/v2\/product_cat?post=4081"},{"taxonomy":"product_tag","embeddable":true,"href":"https:\/\/thestonepark.com\/es\/wp-json\/wp\/v2\/product_tag?post=4081"}],"curies":[{"name":"wp","href":"https:\/\/api.w.org\/{rel}","templated":true}]}}