{"id":3929,"date":"2023-04-30T06:58:57","date_gmt":"2023-04-30T06:58:57","guid":{"rendered":"https:\/\/thestonepark.com\/sss\/"},"modified":"2025-05-19T20:38:02","modified_gmt":"2025-05-19T20:38:02","slug":"sss","status":"publish","type":"page","link":"https:\/\/thestonepark.com\/tr\/sss\/","title":{"rendered":"SSS"},"content":{"rendered":"\t\t<div data-elementor-type=\"wp-page\" data-elementor-id=\"3929\" class=\"elementor elementor-3929 elementor-2175\">\n\t\t\t\t<div class=\"elementor-element elementor-element-2b3e2e9 e-flex e-con-boxed e-con e-parent\" data-id=\"2b3e2e9\" data-element_type=\"container\">\n\t\t\t\t\t<div class=\"e-con-inner\">\n\t\t\t\t<div class=\"elementor-element elementor-element-17e19d2 elementor-widget elementor-widget-ideapark-accordion\" data-id=\"17e19d2\" data-element_type=\"widget\" data-widget_type=\"ideapark-accordion.default\">\n\t\t\t\t<div class=\"elementor-widget-container\">\n\t\t\t\t\t\t\t<div class=\"c-ip-accordion\">\n\t\t\t<div class=\"c-ip-accordion__wrap\">\n\t\t\t\t<div class=\"c-ip-accordion__list\">\n\t\t\t\t\t\t\t\t\t\t<div class=\"c-ip-accordion__item\">\n\t\t\t\t\t\t<a class=\"c-ip-accordion__link js-accordion-title\" href=\"\" onclick=\"return false;\"><div class=\"c-ip-accordion__header\">Ne t\u00fcr ta\u015f \u00fcr\u00fcnleri sunuyorsunuz?<i class=\"ip-plus_big c-ip-accordion__arrow\"><\/i><\/div><\/a>\t\t\t\t\t\t<div class=\"c-ip-accordion__content entry-content\"><p>Mermer, granit, kuvarsit, kire\u00e7ta\u015f\u0131, traverten, oniks ve porselen plakalar dahil olmak \u00fczere \u00e7ok \u00e7e\u015fitli birinci s\u0131n\u0131f do\u011fal ta\u015f \u00fcr\u00fcnleri sunuyoruz. Ayr\u0131ca i\u00e7 ve d\u0131\u015f mekan uygulamalar\u0131 i\u00e7in fayans, fini\u015fer, ta\u015f kaplama ve \u00f6zel ta\u015f aksesuarlar\u0131 da sa\u011fl\u0131yoruz.<\/p>\n<\/div>\t\t\t\t\t<\/div>\n\t\t\t\t\t\t\t\t\t\t<div class=\"c-ip-accordion__item\">\n\t\t\t\t\t\t<a class=\"c-ip-accordion__link js-accordion-title\" href=\"\" onclick=\"return false;\"><div class=\"c-ip-accordion__header\">Ta\u015flar\u0131n\u0131z\u0131 nereden temin ediyorsunuz?<i class=\"ip-plus_big c-ip-accordion__arrow\"><\/i><\/div><\/a>\t\t\t\t\t\t<div class=\"c-ip-accordion__content entry-content\"><p>En y\u00fcksek kalite, dayan\u0131kl\u0131l\u0131k ve estetik \u00e7ekicili\u011fi sa\u011flamak i\u00e7in ta\u015flar\u0131m\u0131z\u0131 T\u00fcrkiye'den ve d\u00fcnyan\u0131n en iyi ta\u015f ocaklar\u0131ndan temin ediyoruz<\/p>\n<\/div>\t\t\t\t\t<\/div>\n\t\t\t\t\t\t\t\t\t\t<div class=\"c-ip-accordion__item\">\n\t\t\t\t\t\t<a class=\"c-ip-accordion__link js-accordion-title\" href=\"\" onclick=\"return false;\"><div class=\"c-ip-accordion__header\">\u00d6zel kesim ta\u015f \u00e7\u00f6z\u00fcmleri sunuyor musunuz?<i class=\"ip-plus_big c-ip-accordion__arrow\"><\/i><\/div><\/a>\t\t\t\t\t\t<div class=\"c-ip-accordion__content entry-content\"><p>Evet! \u00d6zel proje ihtiya\u00e7lar\u0131n\u0131 kar\u015f\u0131lamak i\u00e7in \u00f6zel kesim plakalar, fayanslar ve ta\u015f par\u00e7alar\u0131 sa\u011flayarak tasar\u0131m\u0131n\u0131za m\u00fckemmel bir uyum sa\u011fl\u0131yoruz.<\/p>\n<\/div>\t\t\t\t\t<\/div>\n\t\t\t\t\t\t\t\t\t\t<div class=\"c-ip-accordion__item\">\n\t\t\t\t\t\t<a class=\"c-ip-accordion__link js-accordion-title\" href=\"\" onclick=\"return false;\"><div class=\"c-ip-accordion__header\">Nas\u0131l sipari\u015f verebilirim?<i class=\"ip-plus_big c-ip-accordion__arrow\"><\/i><\/div><\/a>\t\t\t\t\t\t<div class=\"c-ip-accordion__content entry-content\"><p>Sat\u0131\u015f ekibimizle sales@thestonepark.com adresinden e-posta yoluyla ileti\u015fime ge\u00e7erek veya Miami showroomumuzu ziyaret ederek sipari\u015f verebilirsiniz. \u00dcr\u00fcn se\u00e7imi, nakliye se\u00e7enekleri ve sat\u0131n alma i\u015fleminizin sonu\u00e7land\u0131r\u0131lmas\u0131 konusunda size yard\u0131mc\u0131 olaca\u011f\u0131z.<\/p>\n<\/div>\t\t\t\t\t<\/div>\n\t\t\t\t\t\t\t\t\t\t<div class=\"c-ip-accordion__item\">\n\t\t\t\t\t\t<a class=\"c-ip-accordion__link js-accordion-title\" href=\"\" onclick=\"return false;\"><div class=\"c-ip-accordion__header\">Nakliye se\u00e7enekleriniz nelerdir?<i class=\"ip-plus_big c-ip-accordion__arrow\"><\/i><\/div><\/a>\t\t\t\t\t\t<div class=\"c-ip-accordion__content entry-content\"><p>Depodan teslim alma hizmeti sunuyor ve ortak ta\u015f\u0131y\u0131c\u0131lar\u0131m\u0131z arac\u0131l\u0131\u011f\u0131yla navlun sevkiyat\u0131n\u0131 koordine ediyoruz. Nakliye masraflar\u0131 ta\u015f\u0131y\u0131c\u0131 taraf\u0131ndan belirlenir ve sorunsuz bir teslimat sa\u011flamak i\u00e7in t\u00fcm lojisti\u011fi biz hallederiz.<\/p>\n<\/div>\t\t\t\t\t<\/div>\n\t\t\t\t\t\t\t\t\t\t<div class=\"c-ip-accordion__item\">\n\t\t\t\t\t\t<a class=\"c-ip-accordion__link js-accordion-title\" href=\"\" onclick=\"return false;\"><div class=\"c-ip-accordion__header\">Nakliye ne kadar s\u00fcrer?<i class=\"ip-plus_big c-ip-accordion__arrow\"><\/i><\/div><\/a>\t\t\t\t\t\t<div class=\"c-ip-accordion__content entry-content\"><p>Teslimat s\u00fcreleri konuma ve ta\u015f\u0131y\u0131c\u0131 kullan\u0131labilirli\u011fine ba\u011fl\u0131 olarak de\u011fi\u015fir. ABD i\u00e7inde standart g\u00f6nderim genellikle 5-14 i\u015f g\u00fcn\u00fc s\u00fcrer.<\/p>\n<\/div>\t\t\t\t\t<\/div>\n\t\t\t\t\t\t\t\t\t\t<div class=\"c-ip-accordion__item\">\n\t\t\t\t\t\t<a class=\"c-ip-accordion__link js-accordion-title\" href=\"\" onclick=\"return false;\"><div class=\"c-ip-accordion__header\">\u0130ade politikan\u0131z nedir?<i class=\"ip-plus_big c-ip-accordion__arrow\"><\/i><\/div><\/a>\t\t\t\t\t\t<div class=\"c-ip-accordion__content entry-content\"><p>\u00dcr\u00fcn kullan\u0131lmam\u0131\u015fsa ve orijinal durumunda ve ambalaj\u0131nda ise 30 g\u00fcn i\u00e7inde iade kabul ediyoruz. Ancak, \u00f6zel kesim sipari\u015fler ve monte edilen \u00fcr\u00fcnler iade edilmez. Daha fazla ayr\u0131nt\u0131 i\u00e7in \u0130ade ve Geri \u00d6deme Politikas\u0131 sayfam\u0131z\u0131 ziyaret edin.<\/p>\n<\/div>\t\t\t\t\t<\/div>\n\t\t\t\t\t\t\t\t\t\t<div class=\"c-ip-accordion__item\">\n\t\t\t\t\t\t<a class=\"c-ip-accordion__link js-accordion-title\" href=\"\" onclick=\"return false;\"><div class=\"c-ip-accordion__header\">Toptan sat\u0131\u015f fiyat\u0131 sunuyor musunuz?<i class=\"ip-plus_big c-ip-accordion__arrow\"><\/i><\/div><\/a>\t\t\t\t\t\t<div class=\"c-ip-accordion__content entry-content\"><p>Evet! Toplu sipari\u015fler i\u00e7in toptan fiyatland\u0131rma sunuyoruz. Bir y\u00fcklenici, tasar\u0131mc\u0131 veya perakendeciyseniz, fiyatland\u0131rma se\u00e7eneklerini g\u00f6r\u00fc\u015fmek i\u00e7in sales@thestonepark.com adresinden bizimle ileti\u015fime ge\u00e7in.<\/p>\n<\/div>\t\t\t\t\t<\/div>\n\t\t\t\t\t\t\t\t\t\t<div class=\"c-ip-accordion__item\">\n\t\t\t\t\t\t<a class=\"c-ip-accordion__link js-accordion-title\" href=\"\" onclick=\"return false;\"><div class=\"c-ip-accordion__header\">Kurulum hizmeti veriyor musunuz?<i class=\"ip-plus_big c-ip-accordion__arrow\"><\/i><\/div><\/a>\t\t\t\t\t\t<div class=\"c-ip-accordion__content entry-content\"><p>Kurulum hizmeti vermiyoruz, ancak b\u00f6lgenizdeki profesyonel kurulumcular\u0131 ve y\u00fcklenicileri tavsiye edebiliriz.<\/p>\n<\/div>\t\t\t\t\t<\/div>\n\t\t\t\t\t\t\t\t\t\t<div class=\"c-ip-accordion__item\">\n\t\t\t\t\t\t<a class=\"c-ip-accordion__link js-accordion-title\" href=\"\" onclick=\"return false;\"><div class=\"c-ip-accordion__header\">The Stone Park&#039;a nas\u0131l i\u015f ba\u015fvurusunda bulunabilirim?<i class=\"ip-plus_big c-ip-accordion__arrow\"><\/i><\/div><\/a>\t\t\t\t\t\t<div class=\"c-ip-accordion__content entry-content\"><p>Her zaman ekibimize kat\u0131lacak yetenekli profesyoneller ar\u0131yoruz! \u015eu anda \u0130spanyolca konu\u015fan bir Sat\u0131\u015f Temsilcisi ar\u0131yoruz. Ba\u015fvurmak i\u00e7in \u00f6zge\u00e7mi\u015finizi careers@thestonepark.com adresine g\u00f6nderin.<\/p>\n<\/div>\t\t\t\t\t<\/div>\n\t\t\t\t\t\t\t\t\t<\/div>\n\t\t\t<\/div>\n\t\t<\/div>\n\t\t\t\t\t\t<\/div>\n\t\t\t\t<\/div>\n\t\t\t\t\t<\/div>\n\t\t\t\t<\/div>\n\t\t<div class=\"elementor-element elementor-element-5349c99 e-flex e-con-boxed e-con e-parent\" data-id=\"5349c99\" data-element_type=\"container\">\n\t\t\t\t\t<div class=\"e-con-inner\">\n\t\t\t\t<div class=\"elementor-element elementor-element-44278ab elementor-widget elementor-widget-text-editor\" data-id=\"44278ab\" data-element_type=\"widget\" data-widget_type=\"text-editor.default\">\n\t\t\t\t<div class=\"elementor-widget-container\">\n\t\t\t\t\t\t\t\t\t<p> <\/p><p>Sorular\u0131n\u0131z i\u00e7in info@thestonepark.com adresinden bizimle ileti\u015fime ge\u00e7ebilirsiniz. Size yard\u0131mc\u0131 olmaktan mutluluk duyar\u0131z!<\/p>\t\t\t\t\t\t\t\t<\/div>\n\t\t\t\t<\/div>\n\t\t\t\t\t<\/div>\n\t\t\t\t<\/div>\n\t\t\t\t<\/div>\n\t\t","protected":false},"excerpt":{"rendered":"<p>Ne t\u00fcr ta\u015f \u00fcr\u00fcnleri sunuyorsunuz? Mermer, granit, kuvarsit, kire\u00e7ta\u015f\u0131, traverten, oniks ve porselen plakalar dahil olmak \u00fczere \u00e7ok&hellip;<\/p>\n","protected":false},"author":1,"featured_media":0,"parent":0,"menu_order":0,"comment_status":"closed","ping_status":"closed","template":"","meta":{"footnotes":""},"class_list":["post-3929","page","type-page","status-publish","hentry"],"_links":{"self":[{"href":"https:\/\/thestonepark.com\/tr\/wp-json\/wp\/v2\/pages\/3929","targetHints":{"allow":["GET"]}}],"collection":[{"href":"https:\/\/thestonepark.com\/tr\/wp-json\/wp\/v2\/pages"}],"about":[{"href":"https:\/\/thestonepark.com\/tr\/wp-json\/wp\/v2\/types\/page"}],"author":[{"embeddable":true,"href":"https:\/\/thestonepark.com\/tr\/wp-json\/wp\/v2\/users\/1"}],"replies":[{"embeddable":true,"href":"https:\/\/thestonepark.com\/tr\/wp-json\/wp\/v2\/comments?post=3929"}],"version-history":[{"count":1,"href":"https:\/\/thestonepark.com\/tr\/wp-json\/wp\/v2\/pages\/3929\/revisions"}],"predecessor-version":[{"id":3931,"href":"https:\/\/thestonepark.com\/tr\/wp-json\/wp\/v2\/pages\/3929\/revisions\/3931"}],"wp:attachment":[{"href":"https:\/\/thestonepark.com\/tr\/wp-json\/wp\/v2\/media?parent=3929"}],"curies":[{"name":"wp","href":"https:\/\/api.w.org\/{rel}","templated":true}]}}