{"id":3935,"date":"2023-02-14T03:48:04","date_gmt":"2023-02-14T03:48:04","guid":{"rendered":"https:\/\/thestonepark.com\/gizlilik-politikasi\/"},"modified":"2025-05-19T20:38:07","modified_gmt":"2025-05-19T20:38:07","slug":"gizlilik-politikasi","status":"publish","type":"page","link":"https:\/\/thestonepark.com\/tr\/gizlilik-politikasi\/","title":{"rendered":"Gizlilik Politikas\u0131"},"content":{"rendered":"\n<h2 class=\"wp-block-heading\">Gizlilik Politikas\u0131<\/h2>\n\n<p><strong>Biz Kimiz<\/strong><\/p>\n\n<p>The Stone Park&#8217;ta yolculu\u011fumuza zengin tarihi ve ola\u011fan\u00fcst\u00fc do\u011fal ta\u015flar\u0131yla \u00fcnl\u00fc T\u00fcrkiye&#8217;de ba\u015flad\u0131k. Tutkumuz, d\u00fcnyan\u0131n en g\u00fczel ta\u015flar\u0131n\u0131 ke\u015ffetmek ve her proje i\u00e7in en y\u00fcksek kaliteyi sa\u011flayarak onlar\u0131 size getirmektir.<\/p>\n\n<p>D\u00fcnyan\u0131n d\u00f6rt bir yan\u0131ndan \u00f6zenle tedarik edilen birinci s\u0131n\u0131f mermer, granit, traverten, kuvarsit, kire\u00e7ta\u015f\u0131 ve daha fazlas\u0131 konusunda uzman\u0131z. Amac\u0131m\u0131z, l\u00fcks i\u00e7 mekanlar, mimari \u015faheserler ve nefes kesici d\u0131\u015f mekan manzaralar\u0131 i\u00e7in y\u00fcksek kaliteli, dayan\u0131kl\u0131 ve zamans\u0131z ta\u015f malzemeler sa\u011flamakt\u0131r.<\/p>\n\n<p>D\u00f6\u015feme ve karolardan fini\u015ferlere, ta\u015f kaplamalara ve aksesuarlara kadar, i\u015f\u00e7ilik ve tasar\u0131mda m\u00fckemmellik sunmaya kararl\u0131y\u0131z. \u0130ster \u00e7arp\u0131c\u0131 bir i\u00e7 mekan yarat\u0131yor ister bir d\u0131\u015f mekan peyzaj\u0131n\u0131 d\u00f6n\u00fc\u015ft\u00fcr\u00fcyor olun, The Stone Park do\u011fal g\u00fczelli\u011fi ta\u015fla y\u00fckseltme konusunda g\u00fcvenilir orta\u011f\u0131n\u0131zd\u0131r.<\/p>\n\n<p><strong>Gizlilik Politikas\u0131<\/strong><\/p>\n\n<p><strong>Yorumlar<\/strong><\/p>\n\n<p>Ziyaret\u00e7iler siteye yorum b\u0131rakt\u0131\u011f\u0131nda, spam tespitine yard\u0131mc\u0131 olmak i\u00e7in yorum formunda g\u00f6sterilen verileri, ziyaret\u00e7inin IP adresi ve taray\u0131c\u0131 kullan\u0131c\u0131 arac\u0131s\u0131 dizesiyle birlikte toplar\u0131z.<\/p>\n\n<p>E-posta adresinizden olu\u015fturulan anonimle\u015ftirilmi\u015f bir dize (hash), kullan\u0131p kullanmad\u0131\u011f\u0131n\u0131z\u0131 do\u011frulamak i\u00e7in Gravatar hizmetiyle payla\u015f\u0131labilir. Gravatar gizlilik politikas\u0131na buradan ula\u015fabilirsiniz. Yorumunuz onayland\u0131ktan sonra profil resminiz herkese a\u00e7\u0131k olarak g\u00f6r\u00fcn\u00fcr hale gelir.<\/p>\n\n<p><strong>Medya<\/strong><\/p>\n\n<p>Web sitesine resim y\u00fcklerseniz, ziyaret\u00e7iler resimlerden konum verilerini indirip \u00e7\u0131karabilece\u011finden, l\u00fctfen g\u00f6m\u00fcl\u00fc konum verileri (EXIF GPS) eklemekten ka\u00e7\u0131n\u0131n.<\/p>\n\n<p><strong>\u00c7erezler<\/strong><br\/>&#8211; Bir yorum b\u0131rak\u0131rsan\u0131z, kolayl\u0131k sa\u011flamak i\u00e7in ad\u0131n\u0131z\u0131, e-postan\u0131z\u0131 ve web sitenizi \u00e7erezlere kaydetmeyi se\u00e7ebilirsiniz. Bu kurabiyeler bir y\u0131l dayan\u0131r.<br\/>&#8211; Taray\u0131c\u0131n\u0131z\u0131n \u00e7erezleri kabul edip etmedi\u011fini kontrol etmek i\u00e7in giri\u015f sayfam\u0131z\u0131 ziyaret ederken ge\u00e7ici bir \u00e7erez ayarlan\u0131r. Bu \u00e7erez, taray\u0131c\u0131n\u0131z\u0131 kapatt\u0131\u011f\u0131n\u0131zda silinir.<br\/>&#8211; Oturum a\u00e7t\u0131\u011f\u0131n\u0131zda, birka\u00e7 \u00e7erez oturum a\u00e7ma bilgilerinizi ve ekran g\u00f6r\u00fcnt\u00fcleme tercihlerinizi saklar:<br\/>&#8211; Oturum a\u00e7ma \u00e7erezleri iki g\u00fcn s\u00fcrer.<br\/>&#8211; Ekran se\u00e7ene\u011fi \u00e7erezleri bir y\u0131l s\u00fcrer.<br\/>&#8211; &#8220;Beni Hat\u0131rla&#8221; se\u00e7ene\u011fini se\u00e7erseniz, oturum a\u00e7ma i\u015fleminiz iki hafta boyunca devam eder.<br\/>&#8211; Oturumu kapatt\u0131\u011f\u0131n\u0131zda oturum a\u00e7ma \u00e7erezleri kald\u0131r\u0131l\u0131r.<br\/>&#8211; Bir makaleyi d\u00fczenler veya yay\u0131nlarsan\u0131z, g\u00f6nderi kimli\u011fini saklayan bir \u00e7erez kaydedilir ve bir g\u00fcn sonra sona erer.<\/p>\n\n<p><strong>Di\u011fer Web Sitelerinden G\u00f6m\u00fcl\u00fc \u0130\u00e7erik<\/strong><\/p>\n\n<p>Bu sitedeki makaleler, ziyaret\u00e7i di\u011fer web sitesine do\u011frudan eri\u015fmi\u015f gibi i\u015flev g\u00f6ren g\u00f6m\u00fcl\u00fc i\u00e7erik (\u00f6r. videolar, resimler, makaleler vb.) i\u00e7erebilir. Bu web siteleri veri toplayabilir, \u00e7erez kullanabilir, \u00fc\u00e7\u00fcnc\u00fc taraf takibi yerle\u015ftirebilir ve yerle\u015ftirilen i\u00e7erikle etkile\u015fimleri izleyebilir.<\/p>\n\n<p><strong>Verilerinizi Kiminle Payla\u015f\u0131yoruz<\/strong><\/p>\n\n<p>\u015eifre s\u0131f\u0131rlama talebinde bulunursan\u0131z, IP adresiniz s\u0131f\u0131rlama e-postas\u0131na dahil edilecektir.<\/p>\n\n<p>Verilerinizi Ne Kadar S\u00fcre Sakl\u0131yoruz<br\/>&#8211; Bir yorum b\u0131rak\u0131rsan\u0131z, yorum ve meta verileri s\u00fcresiz olarak saklan\u0131r.<br\/>&#8211; Kay\u0131tl\u0131 kullan\u0131c\u0131lar ki\u015fisel bilgilerini istedikleri zaman g\u00f6rebilir, d\u00fczenleyebilir veya silebilirler (kullan\u0131c\u0131 ad\u0131 de\u011fi\u015fiklikleri hari\u00e7). Web sitesi y\u00f6neticileri de bu bilgileri g\u00f6rebilir ve d\u00fczenleyebilir.<\/p>\n\n<p><strong>Verileriniz \u00dczerinde Sahip Oldu\u011funuz Haklar<\/strong><\/p>\n\n<p>Bir hesab\u0131n\u0131z varsa veya yorum b\u0131rakt\u0131ysan\u0131z, ki\u015fisel verilerinizin d\u0131\u015fa aktar\u0131lm\u0131\u015f bir dosyas\u0131n\u0131 talep edebilirsiniz. Ayr\u0131ca, idari, yasal veya g\u00fcvenlik ama\u00e7lar\u0131 i\u00e7in gerekli olan veriler hari\u00e7 olmak \u00fczere, elimizdeki t\u00fcm ki\u015fisel verileri silmemizi de talep edebilirsiniz.<\/p>\n\n<p><strong>Verilerinizin G\u00f6nderildi\u011fi Yerler<\/strong><\/p>\n\n<p>Ziyaret\u00e7i yorumlar\u0131 otomatik bir spam alg\u0131lama hizmeti arac\u0131l\u0131\u011f\u0131yla kontrol edilebilir.<\/p>\n\n<p><strong>Bize Ula\u015f\u0131n<\/strong><\/p>\n\n<p>Gizlilikle ilgili sorular\u0131n\u0131z i\u00e7in l\u00fctfen [e-postan\u0131z] adresinden bizimle ileti\u015fime ge\u00e7in.<\/p>\n","protected":false},"excerpt":{"rendered":"<p>Gizlilik Politikas\u0131 Biz Kimiz The Stone Park&#8217;ta yolculu\u011fumuza zengin tarihi ve ola\u011fan\u00fcst\u00fc do\u011fal ta\u015flar\u0131yla \u00fcnl\u00fc T\u00fcrkiye&#8217;de ba\u015flad\u0131k. Tutkumuz,&hellip;<\/p>\n","protected":false},"author":1,"featured_media":0,"parent":0,"menu_order":0,"comment_status":"closed","ping_status":"open","template":"","meta":{"footnotes":""},"class_list":["post-3935","page","type-page","status-publish","hentry"],"_links":{"self":[{"href":"https:\/\/thestonepark.com\/tr\/wp-json\/wp\/v2\/pages\/3935","targetHints":{"allow":["GET"]}}],"collection":[{"href":"https:\/\/thestonepark.com\/tr\/wp-json\/wp\/v2\/pages"}],"about":[{"href":"https:\/\/thestonepark.com\/tr\/wp-json\/wp\/v2\/types\/page"}],"author":[{"embeddable":true,"href":"https:\/\/thestonepark.com\/tr\/wp-json\/wp\/v2\/users\/1"}],"replies":[{"embeddable":true,"href":"https:\/\/thestonepark.com\/tr\/wp-json\/wp\/v2\/comments?post=3935"}],"version-history":[{"count":1,"href":"https:\/\/thestonepark.com\/tr\/wp-json\/wp\/v2\/pages\/3935\/revisions"}],"predecessor-version":[{"id":3943,"href":"https:\/\/thestonepark.com\/tr\/wp-json\/wp\/v2\/pages\/3935\/revisions\/3943"}],"wp:attachment":[{"href":"https:\/\/thestonepark.com\/tr\/wp-json\/wp\/v2\/media?parent=3935"}],"curies":[{"name":"wp","href":"https:\/\/api.w.org\/{rel}","templated":true}]}}