{"id":3944,"date":"2023-04-17T11:07:27","date_gmt":"2023-04-17T11:07:27","guid":{"rendered":"https:\/\/thestonepark.com\/para-iadesi-ve-iade-politikasi\/"},"modified":"2025-05-19T20:38:08","modified_gmt":"2025-05-19T20:38:08","slug":"para-iadesi-ve-iade-politikasi","status":"publish","type":"page","link":"https:\/\/thestonepark.com\/tr\/para-iadesi-ve-iade-politikasi\/","title":{"rendered":"Para \u0130adesi ve \u0130ade Politikas\u0131"},"content":{"rendered":"\n<p><\/p>\n\n<p>Genel Bak\u0131\u015f<\/p>\n\n<p>\u0130ade ve geri \u00f6deme politikam\u0131z 30 g\u00fcn s\u00fcrmektedir. Sat\u0131n alma i\u015fleminizin \u00fczerinden 30 g\u00fcn ge\u00e7tiyse, ne yaz\u0131k ki size tam bir geri \u00f6deme veya de\u011fi\u015fim sunam\u0131yoruz.<\/p>\n\n<p>Bir \u00fcr\u00fcn\u00fcn iade edilebilmesi i\u00e7in kullan\u0131lmam\u0131\u015f, orijinal durumunda ve orijinal ambalaj\u0131nda olmas\u0131 gerekir.<\/p>\n\n<p>A\u015fa\u011f\u0131dakiler dahil olmak \u00fczere belirli \u00fcr\u00fcnler iade edilemez:<br\/>&#8211; \u00d6zel kesim ta\u015f malzemeler<br\/>&#8211; Tak\u0131lm\u0131\u015f veya de\u011fi\u015ftirilmi\u015f ta\u015f \u00fcr\u00fcnler<br\/>&#8211; Hediye kartlar\u0131<br\/>&#8211; \u0130ndirilebilir dijital \u00fcr\u00fcnler<\/p>\n\n<p>\u0130adenizi tamamlamak i\u00e7in bir makbuz veya sat\u0131n alma belgesine ihtiyac\u0131m\u0131z vard\u0131r. L\u00fctfen sat\u0131n ald\u0131\u011f\u0131n\u0131z \u00fcr\u00fcn\u00fc \u00fcreticiye geri g\u00f6ndermeyin.<\/p>\n\n<p>K\u0131smi \u0130adeler<\/p>\n\n<p>Baz\u0131 durumlarda, yaln\u0131zca k\u0131smi geri \u00f6demeler yap\u0131labilir:<br\/>&#8211; Orijinal durumunda olmayan, hasar g\u00f6rm\u00fc\u015f veya bizim hatam\u0131zdan kaynaklanmayan eksik par\u00e7alar.<br\/>&#8211; Teslimattan sonra 30 g\u00fcnden fazla iade edilen herhangi bir \u00fcr\u00fcn.<\/p>\n\n<p>Geri \u00d6deme S\u00fcreci<\/p>\n\n<p>\u0130adenizi ald\u0131ktan ve inceledikten sonra, iadenizin onayland\u0131\u011f\u0131n\u0131 veya reddedildi\u011fini size bildirece\u011fiz. Onaylanmas\u0131 halinde, iade i\u015flemi ger\u00e7ekle\u015ftirilecek ve belirli bir s\u00fcre i\u00e7inde orijinal \u00f6deme y\u00f6nteminize bir kredi uygulanacakt\u0131r.<\/p>\n\n<p>Ge\u00e7 veya Eksik \u0130adeler<\/p>\n\n<p>Geri \u00f6demenizi hen\u00fcz almad\u0131ysan\u0131z:<br\/>1. Banka hesab\u0131n\u0131z\u0131 kontrol edin.<br\/>2. Kredi kart\u0131 \u015firketinizle ileti\u015fime ge\u00e7in &#8211; i\u015flem s\u00fcreleri de\u011fi\u015fiklik g\u00f6sterebilir.<br\/>3. Bankan\u0131zla ileti\u015fime ge\u00e7in &#8211; geri \u00f6demelerin resmi olarak g\u00f6nderilmesi zaman alabilir.<br\/>4. Geri \u00f6demenizi hala almad\u0131ysan\u0131z, l\u00fctfen {e-posta adresi} adresinden bizimle ileti\u015fime ge\u00e7in.<\/p>\n\n<p>Sat\u0131l\u0131k \u00dcr\u00fcnler<\/p>\n\n<p>Yaln\u0131zca normal fiyatl\u0131 \u00fcr\u00fcnler iade edilebilir. Sat\u0131l\u0131k \u00fcr\u00fcnlerin iadesi yap\u0131lamaz.<\/p>\n\n<p>De\u011fi\u015fimler<\/p>\n\n<p>\u00dcr\u00fcnleri yaln\u0131zca kusurlu veya hasarl\u0131 olmalar\u0131 durumunda de\u011fi\u015ftiriyoruz. De\u011fi\u015fim talebinde bulunmak i\u00e7in bize {e-posta adresi} adresinden e-posta g\u00f6nderin ve \u00fcr\u00fcn\u00fcn\u00fcz\u00fc {fiziksel adres} adresine g\u00f6nderin.<\/p>\n\n<p>Hediyeler<br\/>&#8211; \u00dcr\u00fcn sat\u0131n al\u0131nd\u0131\u011f\u0131nda ve do\u011frudan size g\u00f6nderildi\u011finde hediye olarak i\u015faretlenmi\u015fse, iadenizin de\u011feri kadar hediye kredisi alacaks\u0131n\u0131z.<br\/>&#8211; \u00dcr\u00fcn hediye olarak i\u015faretlenmemi\u015fse, para iadesi orijinal al\u0131c\u0131ya g\u00f6nderilecektir.<\/p>\n\n<p>Nakliye \u0130adeleri<\/p>\n\n<p>\u00dcr\u00fcn\u00fcn\u00fcz\u00fc iade etmek i\u00e7in \u015fu adrese postalay\u0131n: {fiziksel adres}.<br\/>&#8211; \u0130ade nakliye masraflar\u0131 al\u0131c\u0131n\u0131n sorumlulu\u011fundad\u0131r ve iade edilmez.<br\/>&#8211; Para iadesi yap\u0131l\u0131rsa, iade kargo \u00fccreti para iadenizden d\u00fc\u015f\u00fclecektir.<br\/>&#8211; Y\u00fcksek de\u011ferli iadeler i\u00e7in takip edilebilir bir nakliye hizmeti kullanman\u0131z\u0131 veya nakliye sigortas\u0131 sat\u0131n alman\u0131z\u0131 \u00f6neririz. \u0130ade etti\u011finiz \u00fcr\u00fcn\u00fc teslim alaca\u011f\u0131m\u0131z\u0131 garanti edemeyiz.<\/p>\n\n<p>Yard\u0131ma m\u0131 ihtiyac\u0131n\u0131z var?<\/p>\n\n<p>\u0130ade ve geri \u00f6demelerle ilgili sorular\u0131n\u0131z i\u00e7in {e-posta adresi} \u00fczerinden bizimle ileti\u015fime ge\u00e7in.<\/p>\n","protected":false},"excerpt":{"rendered":"<p>Genel Bak\u0131\u015f \u0130ade ve geri \u00f6deme politikam\u0131z 30 g\u00fcn s\u00fcrmektedir. Sat\u0131n alma i\u015fleminizin \u00fczerinden 30 g\u00fcn ge\u00e7tiyse, ne&hellip;<\/p>\n","protected":false},"author":1,"featured_media":0,"parent":0,"menu_order":0,"comment_status":"closed","ping_status":"closed","template":"","meta":{"footnotes":""},"class_list":["post-3944","page","type-page","status-publish","hentry"],"_links":{"self":[{"href":"https:\/\/thestonepark.com\/tr\/wp-json\/wp\/v2\/pages\/3944","targetHints":{"allow":["GET"]}}],"collection":[{"href":"https:\/\/thestonepark.com\/tr\/wp-json\/wp\/v2\/pages"}],"about":[{"href":"https:\/\/thestonepark.com\/tr\/wp-json\/wp\/v2\/types\/page"}],"author":[{"embeddable":true,"href":"https:\/\/thestonepark.com\/tr\/wp-json\/wp\/v2\/users\/1"}],"replies":[{"embeddable":true,"href":"https:\/\/thestonepark.com\/tr\/wp-json\/wp\/v2\/comments?post=3944"}],"version-history":[{"count":1,"href":"https:\/\/thestonepark.com\/tr\/wp-json\/wp\/v2\/pages\/3944\/revisions"}],"predecessor-version":[{"id":3948,"href":"https:\/\/thestonepark.com\/tr\/wp-json\/wp\/v2\/pages\/3944\/revisions\/3948"}],"wp:attachment":[{"href":"https:\/\/thestonepark.com\/tr\/wp-json\/wp\/v2\/media?parent=3944"}],"curies":[{"name":"wp","href":"https:\/\/api.w.org\/{rel}","templated":true}]}}