{"id":3951,"date":"2025-03-02T23:42:24","date_gmt":"2025-03-02T23:42:24","guid":{"rendered":"https:\/\/thestonepark.com\/nakliye-politikasi\/"},"modified":"2025-05-19T20:38:11","modified_gmt":"2025-05-19T20:38:11","slug":"nakliye-politikasi","status":"publish","type":"page","link":"https:\/\/thestonepark.com\/tr\/nakliye-politikasi\/","title":{"rendered":"Nakliye Politikas\u0131"},"content":{"rendered":"\n<h2 class=\"wp-block-heading\">Genel Nakliye Bilgileri<\/h2>\n\n<p>The Stone Park&#8217;ta do\u011fal ta\u015f \u00fcr\u00fcnlerinizin verimli ve g\u00fcvenli bir \u015fekilde teslim edilmesini sa\u011fl\u0131yoruz. \u00dcr\u00fcnlerimizin g\u00fcvenli ve g\u00fcvenilir bir \u015fekilde ta\u015f\u0131nmas\u0131n\u0131 sa\u011flamak i\u00e7in g\u00fcvenilir nakliye \u015firketleriyle \u00e7al\u0131\u015f\u0131yoruz.<br\/>&#8211; T\u00fcm nakliye masraflar\u0131, birlikte \u00e7al\u0131\u015ft\u0131\u011f\u0131m\u0131z kargo \u015firketleri taraf\u0131ndan belirlenir.<br\/>&#8211; Fiyatlar a\u011f\u0131rl\u0131k, boyut ve sipari\u015fin var\u0131\u015f yeri gibi fakt\u00f6rlere dayanmaktad\u0131r.<br\/>&#8211; Sorunsuz teslimat\u0131 sa\u011flamak i\u00e7in gerekli t\u00fcm lojistik, m\u00fczakere ve d\u00fczenlemeleri sizin ad\u0131n\u0131za ger\u00e7ekle\u015ftiriyoruz.<\/p>\n\n<ol start=\"2\" class=\"wp-block-list\">\n<li>Teslimat Se\u00e7enekleri<\/li>\n<\/ol>\n\n<p>Depodan teslim alma ve koordineli y\u00fck nakliyesi sunuyoruz:<br\/>&#8211; Depodan Teslim Alma (Depo Teslimat\u0131):<br\/>&#8211; M\u00fc\u015fteriler, belirlenen depo konumlar\u0131m\u0131zdan kendi teslim alma i\u015flemlerini ayarlayabilirler.<br\/>&#8211; Teslim alma randevular\u0131 \u00f6nceden planlanmal\u0131d\u0131r.<br\/>&#8211; Ortak Ta\u015f\u0131y\u0131c\u0131lar\u0131m\u0131z Arac\u0131l\u0131\u011f\u0131yla Y\u00fck Nakliyesi:<br\/>&#8211; Teslimat\u0131 ayarlamak i\u00e7in do\u011frudan nakliye ortaklar\u0131m\u0131zla koordinasyon sa\u011fl\u0131yoruz.<br\/>&#8211; Navlun \u00fccretleri ta\u015f\u0131y\u0131c\u0131 taraf\u0131ndan hesaplan\u0131r ve g\u00f6nderilmeden \u00f6nce verilecektir.<br\/>&#8211; Teslimatlar, ta\u015f\u0131y\u0131c\u0131n\u0131n hizmet \u015fartlar\u0131na g\u00f6re ticari ve konut adreslerine yap\u0131l\u0131r.<\/p>\n\n<ol start=\"3\" class=\"wp-block-list\">\n<li>Kargo \u00dccretleri ve \u00d6deme<br\/>&#8211; Kargo \u00fccretleri The Stone Park taraf\u0131ndan de\u011fil, kargo \u015firketi taraf\u0131ndan belirlenir.<br\/>&#8211; M\u00fc\u015fteriler sipari\u015flerini tamamlamadan \u00f6nce bir kargo teklifi alacaklard\u0131r.<br\/>&#8211; Kargo \u00fccreti g\u00f6nderilmeden \u00f6nce \u00f6denmelidir.<\/li>\n\n\n\n<li>Transit S\u00fcreleri ve Teslimat Program\u0131<br\/>&#8211; Teslimat s\u00fcreleri var\u0131\u015f yerine, \u00fcr\u00fcn a\u011f\u0131rl\u0131\u011f\u0131na ve ta\u015f\u0131y\u0131c\u0131 kullan\u0131labilirli\u011fine g\u00f6re de\u011fi\u015fir.<br\/>&#8211; Standart g\u00f6nderim s\u00fcreleri, konuma ba\u011fl\u0131 olarak 5-14 i\u015f g\u00fcn\u00fc aras\u0131nda de\u011fi\u015fir.<br\/>&#8211; G\u00f6nderi rezerve edildi\u011finde tahmini bir teslimat s\u00fcresi sa\u011flayaca\u011f\u0131z.<\/li>\n\n\n\n<li>Takip ve \u0130leti\u015fim<br\/>&#8211; Sipari\u015finiz g\u00f6nderildikten sonra, size bir takip numaras\u0131 verece\u011fiz (ta\u015f\u0131y\u0131c\u0131da varsa).<br\/>&#8211; Ekibimiz, sorunsuz ve zaman\u0131nda teslimat sa\u011flamak i\u00e7in ta\u015f\u0131y\u0131c\u0131 ile ileti\u015fim halinde kalacakt\u0131r.<\/li>\n\n\n\n<li>Nakliye Sorumlulu\u011fu ve Hasar Talepleri<br\/>&#8211; \u00dcr\u00fcn depomuzdan \u00e7\u0131kt\u0131ktan sonra nakliye \u015firketinin sorumlulu\u011fu alt\u0131ndad\u0131r.<br\/>&#8211; \u00dcr\u00fcnlerimizin nakliyeden \u00f6nce g\u00fcvenli bir \u015fekilde ta\u015f\u0131nmas\u0131n\u0131 sa\u011flamak i\u00e7in gerekli t\u00fcm \u00f6nlemleri al\u0131yoruz.<br\/>&#8211; Nakliye s\u0131ras\u0131nda herhangi bir hasar veya kay\u0131p olmas\u0131 durumunda, talepler nakliye \u015firketine yap\u0131lmal\u0131d\u0131r.<br\/>&#8211; Nakliye \u015firketi ile ileti\u015fimde yard\u0131mc\u0131 olaca\u011f\u0131z, ancak nakliye hasarlar\u0131ndan sorumlu de\u011filiz.<\/li>\n\n\n\n<li>Uluslararas\u0131 Nakliye<br\/>&#8211; \u015eu anda, Amerika Birle\u015fik Devletleri i\u00e7inde g\u00f6nderim yap\u0131yoruz.<br\/>&#8211; Uluslararas\u0131 sipari\u015fler i\u00e7in, m\u00fc\u015fteriler kendi lojistiklerini ayarlamal\u0131d\u0131r veya ortak uluslararas\u0131 nakliye sa\u011flay\u0131c\u0131lar\u0131m\u0131za y\u00f6nlendirme yard\u0131m\u0131 sa\u011flayabiliriz.<\/li>\n\n\n\n<li>Bize Ula\u015f\u0131n<\/li>\n<\/ol>\n\n<p>Nakliye veya teslimatla ilgili sorular\u0131n\u0131z i\u00e7in l\u00fctfen bizimle ileti\u015fime ge\u00e7in:<\/p>\n\n<p>\ud83d\udccd Adres: Miami 831 NW 21st St, Miami, FL 33127-4625 ABD<br\/>\ud83d\udcde Telefon: +1 (888) 88-CDW-88<br\/>\ud83d\udce7 E-posta: {e-postan\u0131z}<\/p>\n\n<p>Sorunsuz bir g\u00f6nderim deneyimi sunmaya ve sipari\u015finizin g\u00fcvenli ve verimli bir \u015fekilde ula\u015fmas\u0131n\u0131 sa\u011flamaya kararl\u0131y\u0131z.<\/p>\n","protected":false},"excerpt":{"rendered":"<p>Genel Nakliye Bilgileri The Stone Park&#8217;ta do\u011fal ta\u015f \u00fcr\u00fcnlerinizin verimli ve g\u00fcvenli bir \u015fekilde teslim edilmesini sa\u011fl\u0131yoruz. \u00dcr\u00fcnlerimizin&hellip;<\/p>\n","protected":false},"author":1,"featured_media":0,"parent":0,"menu_order":0,"comment_status":"closed","ping_status":"closed","template":"","meta":{"footnotes":""},"class_list":["post-3951","page","type-page","status-publish","hentry"],"_links":{"self":[{"href":"https:\/\/thestonepark.com\/tr\/wp-json\/wp\/v2\/pages\/3951","targetHints":{"allow":["GET"]}}],"collection":[{"href":"https:\/\/thestonepark.com\/tr\/wp-json\/wp\/v2\/pages"}],"about":[{"href":"https:\/\/thestonepark.com\/tr\/wp-json\/wp\/v2\/types\/page"}],"author":[{"embeddable":true,"href":"https:\/\/thestonepark.com\/tr\/wp-json\/wp\/v2\/users\/1"}],"replies":[{"embeddable":true,"href":"https:\/\/thestonepark.com\/tr\/wp-json\/wp\/v2\/comments?post=3951"}],"version-history":[{"count":1,"href":"https:\/\/thestonepark.com\/tr\/wp-json\/wp\/v2\/pages\/3951\/revisions"}],"predecessor-version":[{"id":3955,"href":"https:\/\/thestonepark.com\/tr\/wp-json\/wp\/v2\/pages\/3951\/revisions\/3955"}],"wp:attachment":[{"href":"https:\/\/thestonepark.com\/tr\/wp-json\/wp\/v2\/media?parent=3951"}],"curies":[{"name":"wp","href":"https:\/\/api.w.org\/{rel}","templated":true}]}}