{"id":3976,"date":"2023-04-29T18:56:17","date_gmt":"2023-04-29T18:56:17","guid":{"rendered":"https:\/\/thestonepark.com\/shop\/cher-asma-lamba\/"},"modified":"2023-04-29T18:56:17","modified_gmt":"2023-04-29T18:56:17","slug":"cher-asma-lamba","status":"publish","type":"product","link":"https:\/\/thestonepark.com\/tr\/shop\/cher-asma-lamba\/","title":{"rendered":"Cher Asma Lamba"},"content":{"rendered":"<p>Cher Asma Lamba sayg\u0131s\u0131z \u015fekillere sahiptir. Y\u00fczy\u0131l ortas\u0131 tarz\u0131ndan ilham alan bu tavan lambas\u0131, zarif bir malzeme se\u00e7imine sahiptir. Her t\u00fcrl\u00fc ya\u015fam alan\u0131 i\u00e7in el yap\u0131m\u0131 ola\u011fan\u00fcst\u00fc bir asma lamba, s\u00f6zle\u015fme veya konut projeleri i\u00e7in uygundur.<\/p>\n","protected":false},"excerpt":{"rendered":"<p>Cher Asma Lamba sayg\u0131s\u0131z \u015fekillere sahiptir. Y\u00fczy\u0131l ortas\u0131 tarz\u0131ndan ilham alan bu tavan lambas\u0131, zarif bir malzeme se\u00e7imine sahiptir.<\/p>\n","protected":false},"featured_media":3817,"comment_status":"open","ping_status":"closed","template":"","meta":[],"product_cat":[136,134,137,142,141,140,144,143,139],"product_tag":[145,146],"class_list":{"0":"post-3976","1":"product","2":"type-product","3":"status-publish","4":"has-post-thumbnail","6":"product_cat-dekton-levhalar","7":"product_cat-dosemeler","8":"product_cat-fayanslar","9":"product_cat-kaldirim-taslari","10":"product_cat-mozaikler","11":"product_cat-peyzaj-taslari","12":"product_cat-tas-aksesuarlar","13":"product_cat-tas-kaplama","14":"product_cat-tas-sanat-eserleri","15":"product_tag-aydinlatma","16":"product_tag-modern-tr","17":"pa_brand-moa-tr","19":"first","20":"instock","21":"shipping-taxable","22":"purchasable","23":"product-type-simple"},"_links":{"self":[{"href":"https:\/\/thestonepark.com\/tr\/wp-json\/wp\/v2\/product\/3976","targetHints":{"allow":["GET"]}}],"collection":[{"href":"https:\/\/thestonepark.com\/tr\/wp-json\/wp\/v2\/product"}],"about":[{"href":"https:\/\/thestonepark.com\/tr\/wp-json\/wp\/v2\/types\/product"}],"replies":[{"embeddable":true,"href":"https:\/\/thestonepark.com\/tr\/wp-json\/wp\/v2\/comments?post=3976"}],"version-history":[{"count":0,"href":"https:\/\/thestonepark.com\/tr\/wp-json\/wp\/v2\/product\/3976\/revisions"}],"wp:featuredmedia":[{"embeddable":true,"href":"https:\/\/thestonepark.com\/tr\/wp-json\/wp\/v2\/media\/3817"}],"wp:attachment":[{"href":"https:\/\/thestonepark.com\/tr\/wp-json\/wp\/v2\/media?parent=3976"}],"wp:term":[{"taxonomy":"product_cat","embeddable":true,"href":"https:\/\/thestonepark.com\/tr\/wp-json\/wp\/v2\/product_cat?post=3976"},{"taxonomy":"product_tag","embeddable":true,"href":"https:\/\/thestonepark.com\/tr\/wp-json\/wp\/v2\/product_tag?post=3976"}],"curies":[{"name":"wp","href":"https:\/\/api.w.org\/{rel}","templated":true}]}}