{"id":3980,"date":"2023-04-29T18:57:59","date_gmt":"2023-04-29T18:57:59","guid":{"rendered":"https:\/\/thestonepark.com\/shop\/leafus-asma-lamba\/"},"modified":"2023-04-29T18:57:59","modified_gmt":"2023-04-29T18:57:59","slug":"leafus-asma-lamba","status":"publish","type":"product","link":"https:\/\/thestonepark.com\/tr\/shop\/leafus-asma-lamba\/","title":{"rendered":"Leafus Asma Lamba"},"content":{"rendered":"<p>Leafus asma lamba, taze ve modern tasar\u0131m\u0131n ince esintisini ortaya \u00e7\u0131kar\u0131r. Bu l\u00fcks asma lamba, organik ve zarif \u015fekliyle sofistike bir g\u00f6r\u00fcn\u00fcme sahiptir. Do\u011fadan ilham alan bu tasar\u0131m lamba, her t\u00fcrl\u00fc \u00e7a\u011fda\u015f ya\u015fam alan\u0131n\u0131 zenginle\u015ftirmek i\u00e7in m\u00fckemmeldir.<\/p>\n","protected":false},"excerpt":{"rendered":"<div class=\"woocommerce-product-details__short-description\">\n<p>Leafus asma lamba, taze ve modern tasar\u0131m\u0131n ince esintisini ortaya \u00e7\u0131kar\u0131r. Organik ve zarif bir \u015fekle sahip l\u00fcks bir asma lamba.<\/p>\n<\/div>\n","protected":false},"featured_media":3811,"comment_status":"open","ping_status":"closed","template":"","meta":[],"product_cat":[136,134],"product_tag":[145,146],"class_list":{"0":"post-3980","1":"product","2":"type-product","3":"status-publish","4":"has-post-thumbnail","6":"product_cat-dekton-levhalar","7":"product_cat-dosemeler","8":"product_tag-aydinlatma","9":"product_tag-modern-tr","10":"pa_brand-hommes-studio-tr","12":"first","13":"instock","14":"shipping-taxable","15":"purchasable","16":"product-type-simple"},"_links":{"self":[{"href":"https:\/\/thestonepark.com\/tr\/wp-json\/wp\/v2\/product\/3980","targetHints":{"allow":["GET"]}}],"collection":[{"href":"https:\/\/thestonepark.com\/tr\/wp-json\/wp\/v2\/product"}],"about":[{"href":"https:\/\/thestonepark.com\/tr\/wp-json\/wp\/v2\/types\/product"}],"replies":[{"embeddable":true,"href":"https:\/\/thestonepark.com\/tr\/wp-json\/wp\/v2\/comments?post=3980"}],"version-history":[{"count":0,"href":"https:\/\/thestonepark.com\/tr\/wp-json\/wp\/v2\/product\/3980\/revisions"}],"wp:featuredmedia":[{"embeddable":true,"href":"https:\/\/thestonepark.com\/tr\/wp-json\/wp\/v2\/media\/3811"}],"wp:attachment":[{"href":"https:\/\/thestonepark.com\/tr\/wp-json\/wp\/v2\/media?parent=3980"}],"wp:term":[{"taxonomy":"product_cat","embeddable":true,"href":"https:\/\/thestonepark.com\/tr\/wp-json\/wp\/v2\/product_cat?post=3980"},{"taxonomy":"product_tag","embeddable":true,"href":"https:\/\/thestonepark.com\/tr\/wp-json\/wp\/v2\/product_tag?post=3980"}],"curies":[{"name":"wp","href":"https:\/\/api.w.org\/{rel}","templated":true}]}}