{"id":3984,"date":"2023-04-29T18:44:07","date_gmt":"2023-04-29T18:44:07","guid":{"rendered":"https:\/\/thestonepark.com\/shop\/fifih-yan-sehpa-takimi\/"},"modified":"2023-04-29T18:44:07","modified_gmt":"2023-04-29T18:44:07","slug":"fifih-yan-sehpa-takimi","status":"publish","type":"product","link":"https:\/\/thestonepark.com\/tr\/shop\/fifih-yan-sehpa-takimi\/","title":{"rendered":"Fifih Yan Sehpa Tak\u0131m\u0131"},"content":{"rendered":"<p>Fifih Yan Sehpa Seti, \u00fc\u00e7 ah\u015fap yan sehpadan olu\u015fan bir settir. Kendine \u00f6zg\u00fc modernli\u011fi ile bu m\u00fckemmel masa seti zarif ve i\u015flevseldir. Tamamen masif ah\u015faptan \u00fcretilen bu set, uyumlu geometriyi do\u011fal malzemelerin safl\u0131\u011f\u0131yla birle\u015ftiren temiz ve \u015f\u0131k bir tasar\u0131ma sahiptir. \u00dc\u00e7 farkl\u0131 y\u00fcksekli\u011fe sahip bu ah\u015fap yan sehpalar, modern bir oturma odas\u0131nda birlikte d\u00fczenlendi\u011finde g\u00f6z al\u0131c\u0131 bir g\u00f6r\u00fcn\u00fcm yaratacakt\u0131r. Malzemelerin ve \u00e7izgilerin sadeli\u011fi, modern tasar\u0131m\u0131 zamans\u0131z ve zarif k\u0131l\u0131yor. Fifih Yan Sehpa Tak\u0131m\u0131, her modern i\u00e7 tasar\u0131m projesinde vazge\u00e7ilmez bir mobilya par\u00e7as\u0131d\u0131r.<\/p>\n","protected":false},"excerpt":{"rendered":"<p>Fifih Yan Sehpa Seti, \u00e7oklu varyasyonlara ve kombinasyonlara izin veren \u00fc\u00e7 ah\u015fap yan sehpadan olu\u015fan bir settir.<\/p>\n","protected":false},"featured_media":3493,"comment_status":"open","ping_status":"closed","template":"","meta":[],"product_cat":[134,161],"product_tag":[146,169,167],"class_list":{"0":"post-3984","1":"product","2":"type-product","3":"status-publish","4":"has-post-thumbnail","6":"product_cat-dosemeler","7":"product_cat-kirectasi-levhalar","8":"product_tag-modern-tr","9":"product_tag-tas","10":"product_tag-yan-tablo","11":"pa_brand-moa-tr","13":"first","14":"instock","15":"shipping-taxable","16":"product-type-external"},"_links":{"self":[{"href":"https:\/\/thestonepark.com\/tr\/wp-json\/wp\/v2\/product\/3984","targetHints":{"allow":["GET"]}}],"collection":[{"href":"https:\/\/thestonepark.com\/tr\/wp-json\/wp\/v2\/product"}],"about":[{"href":"https:\/\/thestonepark.com\/tr\/wp-json\/wp\/v2\/types\/product"}],"replies":[{"embeddable":true,"href":"https:\/\/thestonepark.com\/tr\/wp-json\/wp\/v2\/comments?post=3984"}],"version-history":[{"count":0,"href":"https:\/\/thestonepark.com\/tr\/wp-json\/wp\/v2\/product\/3984\/revisions"}],"wp:featuredmedia":[{"embeddable":true,"href":"https:\/\/thestonepark.com\/tr\/wp-json\/wp\/v2\/media\/3493"}],"wp:attachment":[{"href":"https:\/\/thestonepark.com\/tr\/wp-json\/wp\/v2\/media?parent=3984"}],"wp:term":[{"taxonomy":"product_cat","embeddable":true,"href":"https:\/\/thestonepark.com\/tr\/wp-json\/wp\/v2\/product_cat?post=3984"},{"taxonomy":"product_tag","embeddable":true,"href":"https:\/\/thestonepark.com\/tr\/wp-json\/wp\/v2\/product_tag?post=3984"}],"curies":[{"name":"wp","href":"https:\/\/api.w.org\/{rel}","templated":true}]}}