{"id":3985,"date":"2023-04-29T18:47:29","date_gmt":"2023-04-29T18:47:29","guid":{"rendered":"https:\/\/thestonepark.com\/shop\/niagara-kucuk-yan-sehpa-mese\/"},"modified":"2023-04-29T18:47:29","modified_gmt":"2023-04-29T18:47:29","slug":"niagara-kucuk-yan-sehpa-mese","status":"publish","type":"product","link":"https:\/\/thestonepark.com\/tr\/shop\/niagara-kucuk-yan-sehpa-mese\/","title":{"rendered":"Niagara K\u00fc\u00e7\u00fck Yan Sehpa Me\u015fe"},"content":{"rendered":"<p>Niagara K\u00fc\u00e7\u00fck Yan Sehpa Me\u015fe seti, Memphis hareketi havas\u0131ndan ilham alan geometrik bir \u015fekle sahiptir. Me\u015fe ve ku\u015f g\u00f6z\u00fc a\u011fac\u0131ndan yap\u0131lm\u0131\u015f modern bir yan sehpa. Ah\u015fap bir masa, modern bir oturma odas\u0131 i\u00e7in m\u00fckemmel bir se\u00e7imdir. Niagara B\u00fcy\u00fck Yan Sehpa Me\u015fe, Memphis hareketinden ilham alan geometrik bir \u015fekle sahiptir.<\/p>\n","protected":false},"excerpt":{"rendered":"<p>Niagara K\u00fc\u00e7\u00fck Yan Sehpa Me\u015fe, Memphis hareketinden ilham alan geometrik bir \u015fekle sahiptir. Se\u00e7kin ah\u015fap y\u00fczeylere sahip modern bir yan sehpa.<\/p>\n","protected":false},"featured_media":3502,"comment_status":"open","ping_status":"closed","template":"","meta":[],"product_cat":[134,165],"product_tag":[170,146,167],"class_list":{"0":"post-3985","1":"product","2":"type-product","3":"status-publish","4":"has-post-thumbnail","6":"product_cat-dosemeler","7":"product_cat-granit-levhalar","8":"product_tag-ahsap","9":"product_tag-modern-tr","10":"product_tag-yan-tablo","11":"pa_brand-lisola-tr","13":"first","14":"instock","15":"shipping-taxable","16":"purchasable","17":"product-type-simple"},"_links":{"self":[{"href":"https:\/\/thestonepark.com\/tr\/wp-json\/wp\/v2\/product\/3985","targetHints":{"allow":["GET"]}}],"collection":[{"href":"https:\/\/thestonepark.com\/tr\/wp-json\/wp\/v2\/product"}],"about":[{"href":"https:\/\/thestonepark.com\/tr\/wp-json\/wp\/v2\/types\/product"}],"replies":[{"embeddable":true,"href":"https:\/\/thestonepark.com\/tr\/wp-json\/wp\/v2\/comments?post=3985"}],"version-history":[{"count":0,"href":"https:\/\/thestonepark.com\/tr\/wp-json\/wp\/v2\/product\/3985\/revisions"}],"wp:featuredmedia":[{"embeddable":true,"href":"https:\/\/thestonepark.com\/tr\/wp-json\/wp\/v2\/media\/3502"}],"wp:attachment":[{"href":"https:\/\/thestonepark.com\/tr\/wp-json\/wp\/v2\/media?parent=3985"}],"wp:term":[{"taxonomy":"product_cat","embeddable":true,"href":"https:\/\/thestonepark.com\/tr\/wp-json\/wp\/v2\/product_cat?post=3985"},{"taxonomy":"product_tag","embeddable":true,"href":"https:\/\/thestonepark.com\/tr\/wp-json\/wp\/v2\/product_tag?post=3985"}],"curies":[{"name":"wp","href":"https:\/\/api.w.org\/{rel}","templated":true}]}}