{"id":3990,"date":"2023-04-29T18:41:05","date_gmt":"2023-04-29T18:41:05","guid":{"rendered":"https:\/\/thestonepark.com\/shop\/fusya-i-yan-sehpa\/"},"modified":"2023-04-29T18:41:05","modified_gmt":"2023-04-29T18:41:05","slug":"fusya-i-yan-sehpa","status":"publish","type":"product","link":"https:\/\/thestonepark.com\/tr\/shop\/fusya-i-yan-sehpa\/","title":{"rendered":"Fu\u015fya I Yan Sehpa"},"content":{"rendered":"<p>Fuschia I yan sehpa, tuhaf bir zarafete sahip oturma odalar\u0131 i\u00e7in ideal bir kokteyl masas\u0131d\u0131r. Cesur \u015fekiller ve cesur dokulardan olu\u015fan katmanlar\u0131yla Fuschia I, Memphis tasar\u0131m\u0131n\u0131n en iyi \u00f6rne\u011fidir. Bu ola\u011fan\u00fcst\u00fc vurgu sehpas\u0131n\u0131 Fushcia Yan Sehpa II ile birlikte kullanarak \u00e7ifte keyif ya\u015fay\u0131n.<\/p>\n","protected":false},"excerpt":{"rendered":"<p>Fuschia I yan sehpa, modern oturma odalar\u0131 i\u00e7in ideal bir kokteyl masas\u0131d\u0131r. Cesur \u015fekiller ve cesur dokulardan olu\u015fan katmanlara sahip bir Memphis tasar\u0131m\u0131.<\/p>\n","protected":false},"featured_media":3490,"comment_status":"open","ping_status":"closed","template":"","meta":[],"product_cat":[134,182],"product_tag":[167],"class_list":{"0":"post-3990","1":"product","2":"type-product","3":"status-publish","4":"has-post-thumbnail","6":"product_cat-dosemeler","7":"product_cat-mermer-plakalar","8":"product_tag-yan-tablo","9":"pa_brand-hommes-studio-tr","11":"first","12":"instock","13":"shipping-taxable","14":"purchasable","15":"product-type-simple"},"_links":{"self":[{"href":"https:\/\/thestonepark.com\/tr\/wp-json\/wp\/v2\/product\/3990","targetHints":{"allow":["GET"]}}],"collection":[{"href":"https:\/\/thestonepark.com\/tr\/wp-json\/wp\/v2\/product"}],"about":[{"href":"https:\/\/thestonepark.com\/tr\/wp-json\/wp\/v2\/types\/product"}],"replies":[{"embeddable":true,"href":"https:\/\/thestonepark.com\/tr\/wp-json\/wp\/v2\/comments?post=3990"}],"version-history":[{"count":0,"href":"https:\/\/thestonepark.com\/tr\/wp-json\/wp\/v2\/product\/3990\/revisions"}],"wp:featuredmedia":[{"embeddable":true,"href":"https:\/\/thestonepark.com\/tr\/wp-json\/wp\/v2\/media\/3490"}],"wp:attachment":[{"href":"https:\/\/thestonepark.com\/tr\/wp-json\/wp\/v2\/media?parent=3990"}],"wp:term":[{"taxonomy":"product_cat","embeddable":true,"href":"https:\/\/thestonepark.com\/tr\/wp-json\/wp\/v2\/product_cat?post=3990"},{"taxonomy":"product_tag","embeddable":true,"href":"https:\/\/thestonepark.com\/tr\/wp-json\/wp\/v2\/product_tag?post=3990"}],"curies":[{"name":"wp","href":"https:\/\/api.w.org\/{rel}","templated":true}]}}