{"id":3995,"date":"2023-04-29T18:23:57","date_gmt":"2023-04-29T18:23:57","guid":{"rendered":"https:\/\/thestonepark.com\/shop\/zimmer-yemek-masasi-traverten\/"},"modified":"2023-04-29T18:23:57","modified_gmt":"2023-04-29T18:23:57","slug":"zimmer-yemek-masasi-traverten","status":"publish","type":"product","link":"https:\/\/thestonepark.com\/tr\/shop\/zimmer-yemek-masasi-traverten\/","title":{"rendered":"Zimmer Yemek Masas\u0131 Traverten"},"content":{"rendered":"<p>Zimmer Yemek Masas\u0131 Traverten, lezzetli bir dokuya ve do\u011fal renklerin zengin girdab\u0131na sahip modern bir yemek masas\u0131d\u0131r. Kendine \u00f6zg\u00fc modernli\u011fi, dikd\u00f6rtgen tablas\u0131 ve kal\u0131n tornalanm\u0131\u015f ayaklar\u0131yla traverten Zimmer modern yemek masas\u0131, a\u011f\u0131zlar\u0131 suland\u0131ran s\u0131cak ama sofistike bir atmosfer yarat\u0131yor.<br \/>\nZarif, p\u00fcr\u00fczs\u00fcz ve \u00f6zenle cilalanm\u0131\u015f masa tablas\u0131, heykelsi ayaklarla tezat olu\u015fturuyor ve her t\u00fcrl\u00fc modern veya maksimalist yemek masas\u0131n\u0131 y\u00fckselten beklenmedik bir \u015fekil kombinasyonu olu\u015fturuyor.<br \/>\nModern mobilyalar\u0131n b\u00fcy\u00fck boy \u015fekilleri, karizmatik sil\u00fcetleri her odada kendini g\u00f6steriyor.<\/p>\n","protected":false},"excerpt":{"rendered":"<p>Zimmer Yemek Masas\u0131 Traverten, dikd\u00f6rtgen tablas\u0131, kal\u0131n tornalanm\u0131\u015f ayaklar\u0131 ve travertenin do\u011fal rengi ve dokusuyla modern bir yemek masas\u0131d\u0131r.<\/p>\n","protected":false},"featured_media":3469,"comment_status":"open","ping_status":"closed","template":"","meta":[],"product_cat":[134,210],"product_tag":[213,146],"class_list":{"0":"post-3995","1":"product","2":"type-product","3":"status-publish","4":"has-post-thumbnail","6":"product_cat-dosemeler","7":"product_cat-kuvars-levhalar","8":"product_tag-masa","9":"product_tag-modern-tr","10":"pa_brand-moa-tr","11":"pa_color-bej","12":"pa_color-beyaz","13":"pa_color-siyah","15":"first","16":"instock","17":"shipping-taxable","18":"purchasable","19":"product-type-variable","20":"has-default-attributes"},"_links":{"self":[{"href":"https:\/\/thestonepark.com\/tr\/wp-json\/wp\/v2\/product\/3995","targetHints":{"allow":["GET"]}}],"collection":[{"href":"https:\/\/thestonepark.com\/tr\/wp-json\/wp\/v2\/product"}],"about":[{"href":"https:\/\/thestonepark.com\/tr\/wp-json\/wp\/v2\/types\/product"}],"replies":[{"embeddable":true,"href":"https:\/\/thestonepark.com\/tr\/wp-json\/wp\/v2\/comments?post=3995"}],"version-history":[{"count":0,"href":"https:\/\/thestonepark.com\/tr\/wp-json\/wp\/v2\/product\/3995\/revisions"}],"wp:featuredmedia":[{"embeddable":true,"href":"https:\/\/thestonepark.com\/tr\/wp-json\/wp\/v2\/media\/3469"}],"wp:attachment":[{"href":"https:\/\/thestonepark.com\/tr\/wp-json\/wp\/v2\/media?parent=3995"}],"wp:term":[{"taxonomy":"product_cat","embeddable":true,"href":"https:\/\/thestonepark.com\/tr\/wp-json\/wp\/v2\/product_cat?post=3995"},{"taxonomy":"product_tag","embeddable":true,"href":"https:\/\/thestonepark.com\/tr\/wp-json\/wp\/v2\/product_tag?post=3995"}],"curies":[{"name":"wp","href":"https:\/\/api.w.org\/{rel}","templated":true}]}}