{"id":3998,"date":"2023-04-29T18:37:51","date_gmt":"2023-04-29T18:37:51","guid":{"rendered":"https:\/\/thestonepark.com\/shop\/matrioska-komodin\/"},"modified":"2023-04-29T18:37:51","modified_gmt":"2023-04-29T18:37:51","slug":"matrioska-komodin","status":"publish","type":"product","link":"https:\/\/thestonepark.com\/tr\/shop\/matrioska-komodin\/","title":{"rendered":"Matrioska Komodin"},"content":{"rendered":"<p>Matrioska Komodin, \u00e7a\u011fda\u015f i\u00e7 tasar\u0131m projeleri i\u00e7in modern bir par\u00e7ad\u0131r. Bu modern komodinin ola\u011fan\u00fcst\u00fc geomtric tasar\u0131m\u0131, yatak odas\u0131 dekorunuzun vazge\u00e7ilmez bir par\u00e7as\u0131 olmas\u0131n\u0131 sa\u011flar.<\/p>\n","protected":false},"excerpt":{"rendered":"<p>Matrioska Komodin, \u00e7a\u011fda\u015f i\u00e7 tasar\u0131m projeleri i\u00e7in modern bir par\u00e7ad\u0131r. Yatak odan\u0131z\u0131n ihtiyac\u0131 olan ifade par\u00e7as\u0131.<\/p>\n","protected":false},"featured_media":3481,"comment_status":"open","ping_status":"closed","template":"","meta":[],"product_cat":[134,216],"product_tag":[170,167],"class_list":{"0":"post-3998","1":"product","2":"type-product","3":"status-publish","4":"has-post-thumbnail","6":"product_cat-dosemeler","7":"product_cat-oniks-levhalar","8":"product_tag-ahsap","9":"product_tag-yan-tablo","10":"pa_brand-lisola-tr","12":"first","13":"instock","14":"shipping-taxable","15":"purchasable","16":"product-type-simple"},"_links":{"self":[{"href":"https:\/\/thestonepark.com\/tr\/wp-json\/wp\/v2\/product\/3998","targetHints":{"allow":["GET"]}}],"collection":[{"href":"https:\/\/thestonepark.com\/tr\/wp-json\/wp\/v2\/product"}],"about":[{"href":"https:\/\/thestonepark.com\/tr\/wp-json\/wp\/v2\/types\/product"}],"replies":[{"embeddable":true,"href":"https:\/\/thestonepark.com\/tr\/wp-json\/wp\/v2\/comments?post=3998"}],"version-history":[{"count":0,"href":"https:\/\/thestonepark.com\/tr\/wp-json\/wp\/v2\/product\/3998\/revisions"}],"wp:featuredmedia":[{"embeddable":true,"href":"https:\/\/thestonepark.com\/tr\/wp-json\/wp\/v2\/media\/3481"}],"wp:attachment":[{"href":"https:\/\/thestonepark.com\/tr\/wp-json\/wp\/v2\/media?parent=3998"}],"wp:term":[{"taxonomy":"product_cat","embeddable":true,"href":"https:\/\/thestonepark.com\/tr\/wp-json\/wp\/v2\/product_cat?post=3998"},{"taxonomy":"product_tag","embeddable":true,"href":"https:\/\/thestonepark.com\/tr\/wp-json\/wp\/v2\/product_tag?post=3998"}],"curies":[{"name":"wp","href":"https:\/\/api.w.org\/{rel}","templated":true}]}}