{"id":4042,"date":"2023-04-29T16:02:29","date_gmt":"2023-04-29T16:02:29","guid":{"rendered":"https:\/\/thestonepark.com\/shop\/moa-kanepe\/"},"modified":"2025-05-19T20:39:29","modified_gmt":"2025-05-19T20:39:29","slug":"moa-kanepe","status":"publish","type":"product","link":"https:\/\/thestonepark.com\/tr\/shop\/moa-kanepe\/","title":{"rendered":"Moa Kanepe"},"content":{"rendered":"<p>Moa Kanepe saf \u00e7izgilerden olu\u015fan bir tasar\u0131md\u0131r. S\u00fcet d\u00f6\u015femeli ve mat wengue di\u015fbudak a\u011fac\u0131ndan yap\u0131lma kanepe, cilal\u0131 pirin\u00e7 detaylara sahiptir. Modern kanepe tasar\u0131m\u0131, herhangi bir \u00e7a\u011fda\u015f i\u00e7 tasar\u0131m projesinde modern bir kimli\u011fi vurgulayan ciddi bir geometriyi ifade eder.  <\/p>\n","protected":false},"excerpt":{"rendered":"<p>Moa Sofa, modern oturma odas\u0131 tasar\u0131m projeleri i\u00e7in l\u00fcks bir kanepedir. Bu \u00e7arp\u0131c\u0131 modern kanepe, en yeni kanepe tasar\u0131mlar\u0131n\u0131 temsil ediyor. <\/p>\n","protected":false},"featured_media":3367,"comment_status":"open","ping_status":"closed","template":"","meta":[],"product_cat":[],"product_tag":[219,146],"class_list":{"0":"post-4042","1":"product","2":"type-product","3":"status-publish","4":"has-post-thumbnail","6":"product_tag-kanepe","7":"product_tag-modern-tr","8":"pa_brand-moa-tr","10":"first","11":"instock","12":"sale","13":"shipping-taxable","14":"purchasable","15":"product-type-simple"},"_links":{"self":[{"href":"https:\/\/thestonepark.com\/tr\/wp-json\/wp\/v2\/product\/4042","targetHints":{"allow":["GET"]}}],"collection":[{"href":"https:\/\/thestonepark.com\/tr\/wp-json\/wp\/v2\/product"}],"about":[{"href":"https:\/\/thestonepark.com\/tr\/wp-json\/wp\/v2\/types\/product"}],"replies":[{"embeddable":true,"href":"https:\/\/thestonepark.com\/tr\/wp-json\/wp\/v2\/comments?post=4042"}],"version-history":[{"count":0,"href":"https:\/\/thestonepark.com\/tr\/wp-json\/wp\/v2\/product\/4042\/revisions"}],"wp:featuredmedia":[{"embeddable":true,"href":"https:\/\/thestonepark.com\/tr\/wp-json\/wp\/v2\/media\/3367"}],"wp:attachment":[{"href":"https:\/\/thestonepark.com\/tr\/wp-json\/wp\/v2\/media?parent=4042"}],"wp:term":[{"taxonomy":"product_cat","embeddable":true,"href":"https:\/\/thestonepark.com\/tr\/wp-json\/wp\/v2\/product_cat?post=4042"},{"taxonomy":"product_tag","embeddable":true,"href":"https:\/\/thestonepark.com\/tr\/wp-json\/wp\/v2\/product_tag?post=4042"}],"curies":[{"name":"wp","href":"https:\/\/api.w.org\/{rel}","templated":true}]}}