{"id":4054,"date":"2023-04-29T16:38:44","date_gmt":"2023-04-29T16:38:44","guid":{"rendered":"https:\/\/thestonepark.com\/shop\/ajui-kanepe\/"},"modified":"2023-04-29T16:38:44","modified_gmt":"2023-04-29T16:38:44","slug":"ajui-kanepe","status":"publish","type":"product","link":"https:\/\/thestonepark.com\/tr\/shop\/ajui-kanepe\/","title":{"rendered":"Ajui Kanepe"},"content":{"rendered":"<p>Ajui Koltuk, ikonik Memphis tarz\u0131ndan esinlenmi\u015ftir. Kanepe, kakt\u00fcs \u015feklinin sanatsal bir yorumunu l\u00fcks bir kanepeden beklenen konforla birle\u015ftiriyor. Kadife d\u00f6\u015femeli olup yap\u0131s\u0131 ve taban\u0131 cilal\u0131 pirin\u00e7ten yap\u0131lm\u0131\u015ft\u0131r. Modern bir oturma odas\u0131 tasar\u0131m\u0131 veya benzersiz bir perakende projesi i\u00e7in m\u00fckemmel bir se\u00e7im.   <\/p>\n","protected":false},"excerpt":{"rendered":"<p>Ajui Koltuk, ikonik Memphis tarz\u0131ndan esinlenmi\u015ftir. Kanepe, kakt\u00fcs \u015feklinin sanatsal bir yorumunu bir araya getirir ve kadife d\u00f6\u015femelidir. <\/p>\n","protected":false},"featured_media":3391,"comment_status":"open","ping_status":"closed","template":"","meta":[],"product_cat":[233,137,235,228,234,230,229,231,232],"product_tag":[170,219],"class_list":{"0":"post-4054","1":"product","2":"type-product","3":"status-publish","4":"has-post-thumbnail","6":"product_cat-bazalt-karolar","7":"product_cat-fayanslar","8":"product_cat-kirectasi-karolar","9":"product_cat-mermer-fayanslar","10":"product_cat-oniks-karolar","11":"product_cat-porselen-karolar","12":"product_cat-seramik-karolar","13":"product_cat-terrazzo-karolar","14":"product_cat-traverten-karolar","15":"product_tag-ahsap","16":"product_tag-kanepe","17":"pa_brand-hommes-studio-tr","19":"first","20":"instock","21":"sale","22":"shipping-taxable","23":"purchasable","24":"product-type-simple"},"_links":{"self":[{"href":"https:\/\/thestonepark.com\/tr\/wp-json\/wp\/v2\/product\/4054","targetHints":{"allow":["GET"]}}],"collection":[{"href":"https:\/\/thestonepark.com\/tr\/wp-json\/wp\/v2\/product"}],"about":[{"href":"https:\/\/thestonepark.com\/tr\/wp-json\/wp\/v2\/types\/product"}],"replies":[{"embeddable":true,"href":"https:\/\/thestonepark.com\/tr\/wp-json\/wp\/v2\/comments?post=4054"}],"version-history":[{"count":0,"href":"https:\/\/thestonepark.com\/tr\/wp-json\/wp\/v2\/product\/4054\/revisions"}],"wp:featuredmedia":[{"embeddable":true,"href":"https:\/\/thestonepark.com\/tr\/wp-json\/wp\/v2\/media\/3391"}],"wp:attachment":[{"href":"https:\/\/thestonepark.com\/tr\/wp-json\/wp\/v2\/media?parent=4054"}],"wp:term":[{"taxonomy":"product_cat","embeddable":true,"href":"https:\/\/thestonepark.com\/tr\/wp-json\/wp\/v2\/product_cat?post=4054"},{"taxonomy":"product_tag","embeddable":true,"href":"https:\/\/thestonepark.com\/tr\/wp-json\/wp\/v2\/product_tag?post=4054"}],"curies":[{"name":"wp","href":"https:\/\/api.w.org\/{rel}","templated":true}]}}