{"id":4055,"date":"2023-04-29T17:17:34","date_gmt":"2023-04-29T17:17:34","guid":{"rendered":"https:\/\/thestonepark.com\/shop\/karmen-yemek-sandalyesi\/"},"modified":"2023-04-29T17:17:34","modified_gmt":"2023-04-29T17:17:34","slug":"karmen-yemek-sandalyesi","status":"publish","type":"product","link":"https:\/\/thestonepark.com\/tr\/shop\/karmen-yemek-sandalyesi\/","title":{"rendered":"Karmen Yemek Sandalyesi"},"content":{"rendered":"<p>Karmen Sandalye, modern yemek odan\u0131za an\u0131nda \u015f\u0131kl\u0131k katar. Cilal\u0131 pirin\u00e7 yap\u0131 ile d\u00f6\u015fenmi\u015f l\u00fcks bir yemek sandalyesi, her t\u00fcrl\u00fc \u00fcst d\u00fczey i\u00e7 tasar\u0131m projesinin olmazsa olmaz\u0131d\u0131r.<\/p>\n","protected":false},"excerpt":{"rendered":"<div class=\"woocommerce-product-details__short-description\">\n<p>Karmen Sandalye, modern yemek odan\u0131za an\u0131nda \u015f\u0131kl\u0131k katar. L\u00fcks bir yemek sandalyesi, her t\u00fcrl\u00fc \u00fcst d\u00fczey i\u00e7 tasar\u0131m projesinin olmazsa olmaz\u0131d\u0131r.<\/p>\n<\/div>\n","protected":false},"featured_media":3415,"comment_status":"open","ping_status":"closed","template":"","meta":[],"product_cat":[236,134,237,140],"product_tag":[146,238],"class_list":{"0":"post-4055","1":"product","2":"type-product","3":"status-publish","4":"has-post-thumbnail","6":"product_cat-cakil-taslari","7":"product_cat-dosemeler","8":"product_cat-kayalar","9":"product_cat-peyzaj-taslari","10":"product_tag-modern-tr","11":"product_tag-sandalye","12":"pa_brand-hommes-studio-tr","14":"first","15":"instock","16":"shipping-taxable","17":"purchasable","18":"product-type-simple"},"_links":{"self":[{"href":"https:\/\/thestonepark.com\/tr\/wp-json\/wp\/v2\/product\/4055","targetHints":{"allow":["GET"]}}],"collection":[{"href":"https:\/\/thestonepark.com\/tr\/wp-json\/wp\/v2\/product"}],"about":[{"href":"https:\/\/thestonepark.com\/tr\/wp-json\/wp\/v2\/types\/product"}],"replies":[{"embeddable":true,"href":"https:\/\/thestonepark.com\/tr\/wp-json\/wp\/v2\/comments?post=4055"}],"version-history":[{"count":0,"href":"https:\/\/thestonepark.com\/tr\/wp-json\/wp\/v2\/product\/4055\/revisions"}],"wp:featuredmedia":[{"embeddable":true,"href":"https:\/\/thestonepark.com\/tr\/wp-json\/wp\/v2\/media\/3415"}],"wp:attachment":[{"href":"https:\/\/thestonepark.com\/tr\/wp-json\/wp\/v2\/media?parent=4055"}],"wp:term":[{"taxonomy":"product_cat","embeddable":true,"href":"https:\/\/thestonepark.com\/tr\/wp-json\/wp\/v2\/product_cat?post=4055"},{"taxonomy":"product_tag","embeddable":true,"href":"https:\/\/thestonepark.com\/tr\/wp-json\/wp\/v2\/product_tag?post=4055"}],"curies":[{"name":"wp","href":"https:\/\/api.w.org\/{rel}","templated":true}]}}