{"id":4060,"date":"2023-04-29T16:41:31","date_gmt":"2023-04-29T16:41:31","guid":{"rendered":"https:\/\/thestonepark.com\/shop\/kara-kanepe\/"},"modified":"2023-04-29T16:41:31","modified_gmt":"2023-04-29T16:41:31","slug":"kara-kanepe","status":"publish","type":"product","link":"https:\/\/thestonepark.com\/tr\/shop\/kara-kanepe\/","title":{"rendered":"Kara Kanepe"},"content":{"rendered":"<p>Kara Koltuk, art deco tarz\u0131 bir kanepedir. Art deco esintileri \u015fekillerine yans\u0131yarak eklektik ve l\u00fcks bir tarz ortaya koyar. Bu modern tasar\u0131m kanepe, bir oturma odas\u0131 projesinin mutlak kahraman\u0131 olmay\u0131 vaat ediyor.  <\/p>\n","protected":false},"excerpt":{"rendered":"<p>Kara Koltuk, art deco tarz\u0131 bir kanepedir. Art deco esintileri \u015fekillerine yans\u0131yarak eklektik ve l\u00fcks bir tarz ortaya koyar. <\/p>\n","protected":false},"featured_media":3403,"comment_status":"open","ping_status":"closed","template":"","meta":[],"product_cat":[139],"product_tag":[170,219],"class_list":{"0":"post-4060","1":"product","2":"type-product","3":"status-publish","4":"has-post-thumbnail","6":"product_cat-tas-sanat-eserleri","7":"product_tag-ahsap","8":"product_tag-kanepe","9":"pa_brand-hommes-studio-tr","11":"first","12":"instock","13":"sale","14":"shipping-taxable","15":"product-type-grouped"},"_links":{"self":[{"href":"https:\/\/thestonepark.com\/tr\/wp-json\/wp\/v2\/product\/4060","targetHints":{"allow":["GET"]}}],"collection":[{"href":"https:\/\/thestonepark.com\/tr\/wp-json\/wp\/v2\/product"}],"about":[{"href":"https:\/\/thestonepark.com\/tr\/wp-json\/wp\/v2\/types\/product"}],"replies":[{"embeddable":true,"href":"https:\/\/thestonepark.com\/tr\/wp-json\/wp\/v2\/comments?post=4060"}],"version-history":[{"count":0,"href":"https:\/\/thestonepark.com\/tr\/wp-json\/wp\/v2\/product\/4060\/revisions"}],"wp:featuredmedia":[{"embeddable":true,"href":"https:\/\/thestonepark.com\/tr\/wp-json\/wp\/v2\/media\/3403"}],"wp:attachment":[{"href":"https:\/\/thestonepark.com\/tr\/wp-json\/wp\/v2\/media?parent=4060"}],"wp:term":[{"taxonomy":"product_cat","embeddable":true,"href":"https:\/\/thestonepark.com\/tr\/wp-json\/wp\/v2\/product_cat?post=4060"},{"taxonomy":"product_tag","embeddable":true,"href":"https:\/\/thestonepark.com\/tr\/wp-json\/wp\/v2\/product_tag?post=4060"}],"curies":[{"name":"wp","href":"https:\/\/api.w.org\/{rel}","templated":true}]}}