{"id":4062,"date":"2023-04-29T17:28:23","date_gmt":"2023-04-29T17:28:23","guid":{"rendered":"https:\/\/thestonepark.com\/shop\/nora-sandalye\/"},"modified":"2023-04-29T17:28:23","modified_gmt":"2023-04-29T17:28:23","slug":"nora-sandalye","status":"publish","type":"product","link":"https:\/\/thestonepark.com\/tr\/shop\/nora-sandalye\/","title":{"rendered":"Nora Sandalye"},"content":{"rendered":"<p>Nora Sandalye, yemek odas\u0131 dekorunuzu unutulmaz bir alana d\u00f6n\u00fc\u015ft\u00fcrecek. Deri s\u0131rtl\u0131 bir yemek sandalyesi, yemek odas\u0131 tasar\u0131m\u0131na daha da fazla entrika getiren g\u00f6z al\u0131c\u0131 bir unsur ekler.<\/p>\n","protected":false},"excerpt":{"rendered":"<p>Nora Sandalye, yemek odas\u0131 dekorunuzu unutulmaz bir alana d\u00f6n\u00fc\u015ft\u00fcrecek. Konut projeleri i\u00e7in m\u00fckemmel bir yemek sandalyesi.<\/p>\n","protected":false},"featured_media":3421,"comment_status":"open","ping_status":"closed","template":"","meta":[],"product_cat":[134],"product_tag":[170,238],"class_list":{"0":"post-4062","1":"product","2":"type-product","3":"status-publish","4":"has-post-thumbnail","6":"product_cat-dosemeler","7":"product_tag-ahsap","8":"product_tag-sandalye","9":"pa_brand-moa-tr","11":"first","12":"instock","13":"sale","14":"shipping-taxable","15":"purchasable","16":"product-type-simple"},"_links":{"self":[{"href":"https:\/\/thestonepark.com\/tr\/wp-json\/wp\/v2\/product\/4062","targetHints":{"allow":["GET"]}}],"collection":[{"href":"https:\/\/thestonepark.com\/tr\/wp-json\/wp\/v2\/product"}],"about":[{"href":"https:\/\/thestonepark.com\/tr\/wp-json\/wp\/v2\/types\/product"}],"replies":[{"embeddable":true,"href":"https:\/\/thestonepark.com\/tr\/wp-json\/wp\/v2\/comments?post=4062"}],"version-history":[{"count":0,"href":"https:\/\/thestonepark.com\/tr\/wp-json\/wp\/v2\/product\/4062\/revisions"}],"wp:featuredmedia":[{"embeddable":true,"href":"https:\/\/thestonepark.com\/tr\/wp-json\/wp\/v2\/media\/3421"}],"wp:attachment":[{"href":"https:\/\/thestonepark.com\/tr\/wp-json\/wp\/v2\/media?parent=4062"}],"wp:term":[{"taxonomy":"product_cat","embeddable":true,"href":"https:\/\/thestonepark.com\/tr\/wp-json\/wp\/v2\/product_cat?post=4062"},{"taxonomy":"product_tag","embeddable":true,"href":"https:\/\/thestonepark.com\/tr\/wp-json\/wp\/v2\/product_tag?post=4062"}],"curies":[{"name":"wp","href":"https:\/\/api.w.org\/{rel}","templated":true}]}}