{"id":4063,"date":"2023-04-29T17:44:13","date_gmt":"2023-04-29T17:44:13","guid":{"rendered":"https:\/\/thestonepark.com\/shop\/joanne-yemek-sandalyesi\/"},"modified":"2023-04-29T17:44:13","modified_gmt":"2023-04-29T17:44:13","slug":"joanne-yemek-sandalyesi","status":"publish","type":"product","link":"https:\/\/thestonepark.com\/tr\/shop\/joanne-yemek-sandalyesi\/","title":{"rendered":"Joanne Yemek Sandalyesi"},"content":{"rendered":"<p>Joanne Sandalye, y\u00fczy\u0131l ortas\u0131 modern tarzda bir yemek sandalyesidir. Her alan\u0131 g\u00fczelle\u015ftirecek ve sahibinin ev deneyimini iyile\u015ftirecektir. Bu par\u00e7a, yeni bir yemek sandalyesi konseptini hayata ge\u00e7iriyor. Yemek odas\u0131 projenizi g\u00fcncelleyecek modern bir yemek sandalyesi.<\/p>\n","protected":false},"excerpt":{"rendered":"<p>Joanne Chair, y\u00fczy\u0131l ortas\u0131 tarz\u0131 bir yemek sandalyesidir. Sahibinin ev deneyimini iyile\u015ftirmek i\u00e7in yap\u0131lm\u0131\u015f modern bir yemek sandalyesi.<\/p>\n","protected":false},"featured_media":3433,"comment_status":"open","ping_status":"closed","template":"","meta":[],"product_cat":[134],"product_tag":[170,238],"class_list":{"0":"post-4063","1":"product","2":"type-product","3":"status-publish","4":"has-post-thumbnail","6":"product_cat-dosemeler","7":"product_tag-ahsap","8":"product_tag-sandalye","9":"pa_brand-hommes-studio-tr","11":"first","12":"instock","13":"shipping-taxable","14":"purchasable","15":"product-type-simple"},"_links":{"self":[{"href":"https:\/\/thestonepark.com\/tr\/wp-json\/wp\/v2\/product\/4063","targetHints":{"allow":["GET"]}}],"collection":[{"href":"https:\/\/thestonepark.com\/tr\/wp-json\/wp\/v2\/product"}],"about":[{"href":"https:\/\/thestonepark.com\/tr\/wp-json\/wp\/v2\/types\/product"}],"replies":[{"embeddable":true,"href":"https:\/\/thestonepark.com\/tr\/wp-json\/wp\/v2\/comments?post=4063"}],"version-history":[{"count":0,"href":"https:\/\/thestonepark.com\/tr\/wp-json\/wp\/v2\/product\/4063\/revisions"}],"wp:featuredmedia":[{"embeddable":true,"href":"https:\/\/thestonepark.com\/tr\/wp-json\/wp\/v2\/media\/3433"}],"wp:attachment":[{"href":"https:\/\/thestonepark.com\/tr\/wp-json\/wp\/v2\/media?parent=4063"}],"wp:term":[{"taxonomy":"product_cat","embeddable":true,"href":"https:\/\/thestonepark.com\/tr\/wp-json\/wp\/v2\/product_cat?post=4063"},{"taxonomy":"product_tag","embeddable":true,"href":"https:\/\/thestonepark.com\/tr\/wp-json\/wp\/v2\/product_tag?post=4063"}],"curies":[{"name":"wp","href":"https:\/\/api.w.org\/{rel}","templated":true}]}}