{"id":4068,"date":"2023-04-29T17:34:45","date_gmt":"2023-04-29T17:34:45","guid":{"rendered":"https:\/\/thestonepark.com\/shop\/cinco-sandalye\/"},"modified":"2023-04-29T17:34:45","modified_gmt":"2023-04-29T17:34:45","slug":"cinco-sandalye","status":"publish","type":"product","link":"https:\/\/thestonepark.com\/tr\/shop\/cinco-sandalye\/","title":{"rendered":"Cinco Sandalye"},"content":{"rendered":"<p>Cinco sandalye, t\u00fcm detaylar\u0131nda g\u00fczellik ve incelik bar\u0131nd\u0131ran, konfor ve kalite aras\u0131nda m\u00fckemmel bir denge kuran cesur bir tasar\u0131md\u0131r.<br \/>\nK\u0131\u015fk\u0131rt\u0131c\u0131 minimalizm Cinco sandalyenin ana hatlar\u0131n\u0131 olu\u015ftururken, \u00e7a\u011fda\u015f paslanmaz \u00e7elik yap\u0131s\u0131, g\u00f6steri\u015fli d\u0131\u015f mekan kuma\u015f\u0131 ve s\u0131rt\u0131ndaki toka s\u00fcslemesiyle be\u015f ayakl\u0131 oturma yeri, m\u00fckemmel simetrisi ve malzeme verimlili\u011fiyle i\u015flevselli\u011fi ve esteti\u011fi bir araya getiriyor.<\/p>\n","protected":false},"excerpt":{"rendered":"<p>Cinco sandalye, t\u00fcm detaylar\u0131nda g\u00fczellik ve incelik bar\u0131nd\u0131ran, konfor ve kalite aras\u0131nda m\u00fckemmel bir denge kuran cesur bir tasar\u0131md\u0131r.<\/p>\n","protected":false},"featured_media":3427,"comment_status":"open","ping_status":"closed","template":"","meta":[],"product_cat":[134],"product_tag":[238,169],"class_list":{"0":"post-4068","1":"product","2":"type-product","3":"status-publish","4":"has-post-thumbnail","6":"product_cat-dosemeler","7":"product_tag-sandalye","8":"product_tag-tas","9":"pa_brand-lisola-tr","11":"first","12":"instock","13":"shipping-taxable","14":"purchasable","15":"product-type-simple"},"_links":{"self":[{"href":"https:\/\/thestonepark.com\/tr\/wp-json\/wp\/v2\/product\/4068","targetHints":{"allow":["GET"]}}],"collection":[{"href":"https:\/\/thestonepark.com\/tr\/wp-json\/wp\/v2\/product"}],"about":[{"href":"https:\/\/thestonepark.com\/tr\/wp-json\/wp\/v2\/types\/product"}],"replies":[{"embeddable":true,"href":"https:\/\/thestonepark.com\/tr\/wp-json\/wp\/v2\/comments?post=4068"}],"version-history":[{"count":0,"href":"https:\/\/thestonepark.com\/tr\/wp-json\/wp\/v2\/product\/4068\/revisions"}],"wp:featuredmedia":[{"embeddable":true,"href":"https:\/\/thestonepark.com\/tr\/wp-json\/wp\/v2\/media\/3427"}],"wp:attachment":[{"href":"https:\/\/thestonepark.com\/tr\/wp-json\/wp\/v2\/media?parent=4068"}],"wp:term":[{"taxonomy":"product_cat","embeddable":true,"href":"https:\/\/thestonepark.com\/tr\/wp-json\/wp\/v2\/product_cat?post=4068"},{"taxonomy":"product_tag","embeddable":true,"href":"https:\/\/thestonepark.com\/tr\/wp-json\/wp\/v2\/product_tag?post=4068"}],"curies":[{"name":"wp","href":"https:\/\/api.w.org\/{rel}","templated":true}]}}