{"id":4069,"date":"2023-04-29T17:53:12","date_gmt":"2023-04-29T17:53:12","guid":{"rendered":"https:\/\/thestonepark.com\/shop\/davis-sandalye\/"},"modified":"2023-04-29T17:53:12","modified_gmt":"2023-04-29T17:53:12","slug":"davis-sandalye","status":"publish","type":"product","link":"https:\/\/thestonepark.com\/tr\/shop\/davis-sandalye\/","title":{"rendered":"Davis Sandalye"},"content":{"rendered":"<p>Davis Yemek Sandalyesi sessiz bir zarafet ve inkar edilemez bir l\u00fcks enerji yayar. Kadife d\u00f6\u015femeli benzersiz tasar\u0131m \u015fekli ve cilal\u0131 pirin\u00e7 detaylara sahip bu modern yemek sandalyesi, l\u00fcks bir yemek odas\u0131 projesi i\u00e7in m\u00fckemmeldir.<\/p>\n","protected":false},"excerpt":{"rendered":"<p>Davis Yemek Sandalyesi sessiz bir zarafet ve inkar edilemez bir l\u00fcks enerji yayar. Bu modern yemek sandalyesi l\u00fcks bir yemek odas\u0131 projesi i\u00e7in m\u00fckemmeldir<\/p>\n","protected":false},"featured_media":3442,"comment_status":"open","ping_status":"closed","template":"","meta":[],"product_cat":[134],"product_tag":[146,238],"class_list":{"0":"post-4069","1":"product","2":"type-product","3":"status-publish","4":"has-post-thumbnail","6":"product_cat-dosemeler","7":"product_tag-modern-tr","8":"product_tag-sandalye","9":"pa_brand-hommes-studio-tr","11":"first","12":"instock","13":"shipping-taxable","14":"purchasable","15":"product-type-simple"},"_links":{"self":[{"href":"https:\/\/thestonepark.com\/tr\/wp-json\/wp\/v2\/product\/4069","targetHints":{"allow":["GET"]}}],"collection":[{"href":"https:\/\/thestonepark.com\/tr\/wp-json\/wp\/v2\/product"}],"about":[{"href":"https:\/\/thestonepark.com\/tr\/wp-json\/wp\/v2\/types\/product"}],"replies":[{"embeddable":true,"href":"https:\/\/thestonepark.com\/tr\/wp-json\/wp\/v2\/comments?post=4069"}],"version-history":[{"count":0,"href":"https:\/\/thestonepark.com\/tr\/wp-json\/wp\/v2\/product\/4069\/revisions"}],"wp:featuredmedia":[{"embeddable":true,"href":"https:\/\/thestonepark.com\/tr\/wp-json\/wp\/v2\/media\/3442"}],"wp:attachment":[{"href":"https:\/\/thestonepark.com\/tr\/wp-json\/wp\/v2\/media?parent=4069"}],"wp:term":[{"taxonomy":"product_cat","embeddable":true,"href":"https:\/\/thestonepark.com\/tr\/wp-json\/wp\/v2\/product_cat?post=4069"},{"taxonomy":"product_tag","embeddable":true,"href":"https:\/\/thestonepark.com\/tr\/wp-json\/wp\/v2\/product_tag?post=4069"}],"curies":[{"name":"wp","href":"https:\/\/api.w.org\/{rel}","templated":true}]}}