{"id":4071,"date":"2023-04-29T18:13:32","date_gmt":"2023-04-29T18:13:32","guid":{"rendered":"https:\/\/thestonepark.com\/shop\/lunarys-buyuk-yan-sehpa-dogal\/"},"modified":"2023-04-29T18:13:32","modified_gmt":"2023-04-29T18:13:32","slug":"lunarys-buyuk-yan-sehpa-dogal","status":"publish","type":"product","link":"https:\/\/thestonepark.com\/tr\/shop\/lunarys-buyuk-yan-sehpa-dogal\/","title":{"rendered":"Lunarys B\u00fcy\u00fck Yan Sehpa Do\u011fal"},"content":{"rendered":"<p>Lunarys Large Side Table Natural, orta ve b\u00fcy\u00fck boylarda tasarlanm\u0131\u015f, d\u0131\u015f ya\u015fam alan\u0131n\u0131 tamamlamak i\u00e7in m\u00fckemmel, g\u00f6z al\u0131c\u0131 bir d\u0131\u015f mekan masas\u0131d\u0131r. Modern ta\u015f yan sehpan\u0131n g\u00f6vdesi ve ayaklar\u0131 do\u011fal kumlama beji kire\u00e7 ta\u015f\u0131ndan \u00fcretilmi\u015ftir ve her t\u00fcrl\u00fc \u00e7a\u011fda\u015f d\u0131\u015f mekan projesine ham ancak l\u00fcks bir stil sunar.<\/p>\n","protected":false},"excerpt":{"rendered":"<p>Lunarys Large Side Table Natural, modern bir d\u0131\u015f mekan par\u00e7as\u0131d\u0131r, ta\u015f yan sehpan\u0131n g\u00f6vdesi ve ayaklar\u0131 do\u011fal kumlama bej kire\u00e7ta\u015f\u0131ndan \u00fcretilmi\u015ftir ve her t\u00fcrl\u00fc \u00e7a\u011fda\u015f d\u0131\u015f mekan projesine ham ancak l\u00fcks bir stil sunar.<\/p>\n","protected":false},"featured_media":3451,"comment_status":"open","ping_status":"closed","template":"","meta":[],"product_cat":[134,261],"product_tag":[170,213],"class_list":{"0":"post-4071","1":"product","2":"type-product","3":"status-publish","4":"has-post-thumbnail","6":"product_cat-dosemeler","7":"product_cat-silestone-plakalar","8":"product_tag-ahsap","9":"product_tag-masa","10":"pa_brand-hommes-studio-tr","12":"first","13":"instock","14":"shipping-taxable","15":"purchasable","16":"product-type-simple"},"_links":{"self":[{"href":"https:\/\/thestonepark.com\/tr\/wp-json\/wp\/v2\/product\/4071","targetHints":{"allow":["GET"]}}],"collection":[{"href":"https:\/\/thestonepark.com\/tr\/wp-json\/wp\/v2\/product"}],"about":[{"href":"https:\/\/thestonepark.com\/tr\/wp-json\/wp\/v2\/types\/product"}],"replies":[{"embeddable":true,"href":"https:\/\/thestonepark.com\/tr\/wp-json\/wp\/v2\/comments?post=4071"}],"version-history":[{"count":0,"href":"https:\/\/thestonepark.com\/tr\/wp-json\/wp\/v2\/product\/4071\/revisions"}],"wp:featuredmedia":[{"embeddable":true,"href":"https:\/\/thestonepark.com\/tr\/wp-json\/wp\/v2\/media\/3451"}],"wp:attachment":[{"href":"https:\/\/thestonepark.com\/tr\/wp-json\/wp\/v2\/media?parent=4071"}],"wp:term":[{"taxonomy":"product_cat","embeddable":true,"href":"https:\/\/thestonepark.com\/tr\/wp-json\/wp\/v2\/product_cat?post=4071"},{"taxonomy":"product_tag","embeddable":true,"href":"https:\/\/thestonepark.com\/tr\/wp-json\/wp\/v2\/product_tag?post=4071"}],"curies":[{"name":"wp","href":"https:\/\/api.w.org\/{rel}","templated":true}]}}