{"id":4075,"date":"2023-04-29T17:55:35","date_gmt":"2023-04-29T17:55:35","guid":{"rendered":"https:\/\/thestonepark.com\/shop\/lunarys-orta-sehpa-dogal\/"},"modified":"2023-04-29T17:55:35","modified_gmt":"2023-04-29T17:55:35","slug":"lunarys-orta-sehpa-dogal","status":"publish","type":"product","link":"https:\/\/thestonepark.com\/tr\/shop\/lunarys-orta-sehpa-dogal\/","title":{"rendered":"Lunarys Orta Sehpa Do\u011fal"},"content":{"rendered":"<p>Lunarys Center Table Natural, ola\u011fan\u00fcst\u00fc bir modern tasar\u0131m par\u00e7as\u0131d\u0131r. D\u0131\u015f mekan orta sehpas\u0131n\u0131n \u015fehvetli anatomisi ve yumu\u015fak dokusu, i\u00e7 veya d\u0131\u015f mekan projeleri i\u00e7in m\u00fckemmeldir. Zamans\u0131z bir cazibe i\u00e7in temiz \u00e7izgilerle tan\u0131mlanan Lunarys Orta Sehpa Natural, ikonik Lunarys Aile Koleksiyonumuza bir ba\u015fka ektir.  <\/p>\n","protected":false},"excerpt":{"rendered":"<p>Lunarys Center Table Natural, i\u00e7 ve d\u0131\u015f mekan projeleri i\u00e7in m\u00fckemmel bir modern tasar\u0131m par\u00e7as\u0131d\u0131r.<\/p>\n","protected":false},"featured_media":3445,"comment_status":"open","ping_status":"closed","template":"","meta":[],"product_cat":[134,263],"product_tag":[170,213],"class_list":{"0":"post-4075","1":"product","2":"type-product","3":"status-publish","4":"has-post-thumbnail","6":"product_cat-dosemeler","7":"product_cat-traverten-levhalar","8":"product_tag-ahsap","9":"product_tag-masa","10":"pa_brand-lisola-tr","12":"first","13":"instock","14":"shipping-taxable","15":"purchasable","16":"product-type-simple"},"_links":{"self":[{"href":"https:\/\/thestonepark.com\/tr\/wp-json\/wp\/v2\/product\/4075","targetHints":{"allow":["GET"]}}],"collection":[{"href":"https:\/\/thestonepark.com\/tr\/wp-json\/wp\/v2\/product"}],"about":[{"href":"https:\/\/thestonepark.com\/tr\/wp-json\/wp\/v2\/types\/product"}],"replies":[{"embeddable":true,"href":"https:\/\/thestonepark.com\/tr\/wp-json\/wp\/v2\/comments?post=4075"}],"version-history":[{"count":0,"href":"https:\/\/thestonepark.com\/tr\/wp-json\/wp\/v2\/product\/4075\/revisions"}],"wp:featuredmedia":[{"embeddable":true,"href":"https:\/\/thestonepark.com\/tr\/wp-json\/wp\/v2\/media\/3445"}],"wp:attachment":[{"href":"https:\/\/thestonepark.com\/tr\/wp-json\/wp\/v2\/media?parent=4075"}],"wp:term":[{"taxonomy":"product_cat","embeddable":true,"href":"https:\/\/thestonepark.com\/tr\/wp-json\/wp\/v2\/product_cat?post=4075"},{"taxonomy":"product_tag","embeddable":true,"href":"https:\/\/thestonepark.com\/tr\/wp-json\/wp\/v2\/product_tag?post=4075"}],"curies":[{"name":"wp","href":"https:\/\/api.w.org\/{rel}","templated":true}]}}