{"id":4079,"date":"2023-04-29T18:20:34","date_gmt":"2023-04-29T18:20:34","guid":{"rendered":"https:\/\/thestonepark.com\/shop\/prymo-dikdortgen-yemek-masasi-dogal\/"},"modified":"2023-04-29T18:20:34","modified_gmt":"2023-04-29T18:20:34","slug":"prymo-dikdortgen-yemek-masasi-dogal","status":"publish","type":"product","link":"https:\/\/thestonepark.com\/tr\/shop\/prymo-dikdortgen-yemek-masasi-dogal\/","title":{"rendered":"Prymo Dikd\u00f6rtgen Yemek Masas\u0131 Do\u011fal"},"content":{"rendered":"<p>Prymo Dikd\u00f6rtgen Yemek Masas\u0131 Natural, zahmetsiz ve \u015f\u0131k bir yemek odas\u0131 alan\u0131 i\u00e7in ideal bir tasar\u0131md\u0131r. Bu modern dikd\u00f6rtgen yemek masas\u0131, \u00e7a\u011fda\u015f bir i\u00e7 mekan yemek dekoruna uyabilecek ve zarif bir d\u0131\u015f mekan\u0131 hareketlendirebilecek hibrit bir par\u00e7ad\u0131r. Modern bir yemek masas\u0131, ultra modernden b\u00fcy\u00fcleyici bir klasi\u011fe kadar \u00e7e\u015fitli tasar\u0131m stillerine uyum sa\u011flayacakt\u0131r.<\/p>\n","protected":false},"excerpt":{"rendered":"<p>Prymo Dikd\u00f6rtgen Yemek Masas\u0131 Natural, zahmetsiz ve zarif bir i\u00e7 veya d\u0131\u015f mekan yemek odas\u0131 i\u00e7in ideal bir tasar\u0131md\u0131r.<\/p>\n","protected":false},"featured_media":3463,"comment_status":"open","ping_status":"closed","template":"","meta":[],"product_cat":[134,267],"product_tag":[170,213],"class_list":{"0":"post-4079","1":"product","2":"type-product","3":"status-publish","4":"has-post-thumbnail","6":"product_cat-dosemeler","7":"product_cat-kuvarsit-levhalar","8":"product_tag-ahsap","9":"product_tag-masa","10":"pa_brand-hommes-studio-tr","12":"first","13":"instock","14":"shipping-taxable","15":"purchasable","16":"product-type-simple"},"_links":{"self":[{"href":"https:\/\/thestonepark.com\/tr\/wp-json\/wp\/v2\/product\/4079","targetHints":{"allow":["GET"]}}],"collection":[{"href":"https:\/\/thestonepark.com\/tr\/wp-json\/wp\/v2\/product"}],"about":[{"href":"https:\/\/thestonepark.com\/tr\/wp-json\/wp\/v2\/types\/product"}],"replies":[{"embeddable":true,"href":"https:\/\/thestonepark.com\/tr\/wp-json\/wp\/v2\/comments?post=4079"}],"version-history":[{"count":0,"href":"https:\/\/thestonepark.com\/tr\/wp-json\/wp\/v2\/product\/4079\/revisions"}],"wp:featuredmedia":[{"embeddable":true,"href":"https:\/\/thestonepark.com\/tr\/wp-json\/wp\/v2\/media\/3463"}],"wp:attachment":[{"href":"https:\/\/thestonepark.com\/tr\/wp-json\/wp\/v2\/media?parent=4079"}],"wp:term":[{"taxonomy":"product_cat","embeddable":true,"href":"https:\/\/thestonepark.com\/tr\/wp-json\/wp\/v2\/product_cat?post=4079"},{"taxonomy":"product_tag","embeddable":true,"href":"https:\/\/thestonepark.com\/tr\/wp-json\/wp\/v2\/product_tag?post=4079"}],"curies":[{"name":"wp","href":"https:\/\/api.w.org\/{rel}","templated":true}]}}