{"id":4083,"date":"2023-04-29T18:29:20","date_gmt":"2023-04-29T18:29:20","guid":{"rendered":"https:\/\/thestonepark.com\/shop\/picasso-prisma-yan-sehpa\/"},"modified":"2023-04-29T18:29:20","modified_gmt":"2023-04-29T18:29:20","slug":"picasso-prisma-yan-sehpa","status":"publish","type":"product","link":"https:\/\/thestonepark.com\/tr\/shop\/picasso-prisma-yan-sehpa\/","title":{"rendered":"Picasso Prisma Yan Sehpa"},"content":{"rendered":"<p>Picasso Prisma Yan Sehpa, kakmac\u0131l\u0131k sanat\u0131 arac\u0131l\u0131\u011f\u0131yla do\u011fal malzemeleri ve i\u015f\u00e7ili\u011fi kutlayan benzersiz bir k\u00fcbik \u015fekilli yan sehpad\u0131r. Haval\u0131 Picasso Prisma Yan Sehpa, modern bir oturma odas\u0131 i\u00e7in m\u00fckemmel bir eklentidir.<br \/>\nPablo Picasso&#8217;nun al\u0131\u015f\u0131lmad\u0131k ve \u015fa\u015f\u0131rt\u0131c\u0131 d\u00fcnyas\u0131ndan esinlenen bu modern orta sehpa, 20. y\u00fczy\u0131l sanatsal ak\u0131m\u0131 K\u00fcbizm ile antik ah\u015fap i\u015f\u00e7ili\u011fini harmanl\u0131yor.<\/p>\n<p>Picasso Prima Yan Sehpa, Picasso Orta Sehpa ile birlikte daha iyi g\u00f6r\u00fcn\u00fcr. Kakma yan sehpa, yetenekli zanaatk\u00e2rlar taraf\u0131ndan do\u011fal malzemeler kullan\u0131larak ve geleneksel teknikler korunarak \u00fcretilmi\u015ftir ve sanat ve zanaat hareketini kutlamaktad\u0131r.<\/p>\n","protected":false},"excerpt":{"rendered":"<p>Picasso Prisma Yan Sehpa, kakmac\u0131l\u0131k sanat\u0131 arac\u0131l\u0131\u011f\u0131yla do\u011fal malzemeleri ve i\u015f\u00e7ili\u011fi kutlayan benzersiz bir k\u00fcbik \u015fekilli yan sehpad\u0131r.<\/p>\n","protected":false},"featured_media":3475,"comment_status":"open","ping_status":"closed","template":"","meta":[],"product_cat":[134,271],"product_tag":[169,167],"class_list":{"0":"post-4083","1":"product","2":"type-product","3":"status-publish","4":"has-post-thumbnail","6":"product_cat-dosemeler","7":"product_cat-porselen-levhalar","8":"product_tag-tas","9":"product_tag-yan-tablo","10":"pa_brand-hommes-studio-tr","12":"first","13":"instock","14":"shipping-taxable","15":"purchasable","16":"product-type-simple"},"_links":{"self":[{"href":"https:\/\/thestonepark.com\/tr\/wp-json\/wp\/v2\/product\/4083","targetHints":{"allow":["GET"]}}],"collection":[{"href":"https:\/\/thestonepark.com\/tr\/wp-json\/wp\/v2\/product"}],"about":[{"href":"https:\/\/thestonepark.com\/tr\/wp-json\/wp\/v2\/types\/product"}],"replies":[{"embeddable":true,"href":"https:\/\/thestonepark.com\/tr\/wp-json\/wp\/v2\/comments?post=4083"}],"version-history":[{"count":0,"href":"https:\/\/thestonepark.com\/tr\/wp-json\/wp\/v2\/product\/4083\/revisions"}],"wp:featuredmedia":[{"embeddable":true,"href":"https:\/\/thestonepark.com\/tr\/wp-json\/wp\/v2\/media\/3475"}],"wp:attachment":[{"href":"https:\/\/thestonepark.com\/tr\/wp-json\/wp\/v2\/media?parent=4083"}],"wp:term":[{"taxonomy":"product_cat","embeddable":true,"href":"https:\/\/thestonepark.com\/tr\/wp-json\/wp\/v2\/product_cat?post=4083"},{"taxonomy":"product_tag","embeddable":true,"href":"https:\/\/thestonepark.com\/tr\/wp-json\/wp\/v2\/product_tag?post=4083"}],"curies":[{"name":"wp","href":"https:\/\/api.w.org\/{rel}","templated":true}]}}